{"id":3033,"date":"2024-02-20T14:08:25","date_gmt":"2024-02-20T13:08:25","guid":{"rendered":"https:\/\/labonbonniere.ch\/pastry-shops-in-geneva\/"},"modified":"2024-03-12T15:38:42","modified_gmt":"2024-03-12T14:38:42","slug":"pastry-shops-in-geneva","status":"publish","type":"page","link":"https:\/\/labonbonniere.ch\/en\/pastry-shops-in-geneva\/","title":{"rendered":"Pastry shops in Geneva"},"content":{"rendered":"<div class=\"wpb-content-wrapper\">[mk_page_section bg_image=&#8221;https:\/\/labonbonniere.ch\/wp-content\/uploads\/2023\/04\/banniere_patisserie_site.jpg&#8221; bg_position=&#8221;center center&#8221; bg_repeat=&#8221;no-repeat&#8221; bg_stretch=&#8221;true&#8221; video_color_mask=&#8221;#000000&#8243; video_opacity=&#8221;0.4&#8243; min_height=&#8221;400&#8243; padding_bottom=&#8221;0&#8243; sidebar=&#8221;sidebar-1&#8243;][vc_column][mk_padding_divider size=&#8221;60&#8243;][vc_row_inner][vc_column_inner alignment=&#8221;center&#8221;][mk_fancy_title color=&#8221;#ffffff&#8221; size=&#8221;35&#8243; font_weight=&#8221;400&#8243; margin_bottom=&#8221;0&#8243; font_family=&#8221;Kalam&#8221; font_type=&#8221;google&#8221; align=&#8221;center&#8221; el_class=&#8221;sub-title-shadow-1&#8243;]La Bonbonni\u00e8re represents[\/mk_fancy_title][mk_fancy_title color=&#8221;#ffffff&#8221; size=&#8221;30&#8243; font_weight=&#8221;bold&#8221; txt_transform=&#8221;uppercase&#8221; font_family=&#8221;none&#8221; align=&#8221;center&#8221; el_class=&#8221;sub-title-shadow-1&#8243;]delicious and original pastries in Geneva[\/mk_fancy_title][mk_divider style=&#8221;thin_solid&#8221; divider_width=&#8221;custom_width&#8221; custom_width=&#8221;100&#8243; thin_single_color=&#8221;#e37a40&#8243; thickness=&#8221;5&#8243; margin_top=&#8221;0&#8243; margin_bottom=&#8221;30&#8243;][\/vc_column_inner][\/vc_row_inner][vc_row_inner][vc_column_inner width=&#8221;1\/6&#8243;][\/vc_column_inner][vc_column_inner width=&#8221;2\/3&#8243;][vc_column_text align=&#8221;center&#8221; el_class=&#8221;text-shadow-1&#8243; css=&#8221;.vc_custom_1710254170704{margin-bottom: 0px !important;}&#8221;]<span style=\"color: #ffffff;\">Whether to have along with your hot chocolate during your visit to our Chocolate Bar, to finish your tasty meal or to celebrate a family event, the desserts made by our experienced pastry chef, Micka\u00ebl, will take you to unforgettable places!<\/span><\/p>\n<p>&nbsp;[\/vc_column_text][\/vc_column_inner][vc_column_inner width=&#8221;1\/6&#8243;][\/vc_column_inner][\/vc_row_inner][mk_padding_divider size=&#8221;50&#8243;][\/vc_column][\/mk_page_section][mk_page_section full_width=&#8221;true&#8221; padding_top=&#8221;20&#8243; padding_bottom=&#8221;20&#8243; sidebar=&#8221;sidebar-1&#8243;][vc_column][mk_padding_divider size=&#8221;50&#8243;][vc_row_inner attached=&#8221;true&#8221;][vc_column_inner width=&#8221;2\/12&#8243;][mk_padding_divider size=&#8221;50&#8243;][mk_image src=&#8221;https:\/\/labonbonniere.ch\/wp-content\/uploads\/2023\/04\/tarte-chocolat-sans-gluten-bonbonniere-1.jpg&#8221; image_size=&#8221;full&#8221;][\/vc_column_inner][vc_column_inner width=&#8221;1\/12&#8243;][\/vc_column_inner][vc_column_inner width=&#8221;6\/12&#8243;][mk_fancy_title color=&#8221;#e37a40&#8243; size=&#8221;35&#8243; margin_bottom=&#8221;0&#8243; font_family=&#8221;Kalam&#8221; font_type=&#8221;google&#8221; align=&#8221;center&#8221;]La Bonbonni\u00e8re, a collection of[\/mk_fancy_title][mk_fancy_title color=&#8221;#453636&#8243; size=&#8221;28&#8243; font_weight=&#8221;bold&#8221; txt_transform=&#8221;uppercase&#8221; font_family=&#8221;none&#8221; align=&#8221;center&#8221;]authentic sugary wonders[\/mk_fancy_title][mk_divider style=&#8221;thin_solid&#8221; divider_width=&#8221;custom_width&#8221; custom_width=&#8221;100&#8243; thin_single_color=&#8221;#e37a40&#8243; thickness=&#8221;5&#8243; margin_top=&#8221;0&#8243; margin_bottom=&#8221;30&#8243;][mk_fancy_title color=&#8221;#453636&#8243; font_weight=&#8221;400&#8243; txt_transform=&#8221;none&#8221; font_family=&#8221;none&#8221; align=&#8221;center&#8221;]\n<p class=\"p1\"><span class=\"s1\">Whether eat-in or take-away, La Bonbonni\u00e8re&#8217;s creative and authentic pastries will appeal to traditional gourmets and adventurers alike.<\/span><\/p>\n<p class=\"p1\"><span class=\"s1\"><em>Lemon meringue tartlet <\/em>for classic gourmands, a<em> Maracuj\u00e1<\/em> (bestseller 2022) for those in search of chocolatey exoticism or <em><a href=\"https:\/\/shop.labonbonniere.ch\/en\/gluten-free-pastries-geneva\/\"> our Fingers collection (gluten free and vegane)<\/a><\/em> for special diets: everyone can find a dessert to their taste in our chocolate and patisserie.<\/span><\/p>\n<p class=\"p1\"><span class=\"s1\">A true pastry classic, the <em>Royal<\/em> will surprise you with its three different textures and the ultra-indulgent combination of chocolate and praline-hazelnut. The more curious will appreciate the <em>Cervin<\/em>, a cake in which the combination of an almond praline with the strength of a Rio Hiumbi 62% chocolate cream and the crunch of an almond meringue brings harmony and an original flavor for a unique taste experience. <em>Cannel\u00e9s<\/em>, <em>Pignons<\/em> or even <i>Florentins<\/i>, the ideal tea-time treat made with a cookie of caramelized almonds and orange, delicately coated in dark or milk chocolate, have, like all <a href=\"https:\/\/shop.labonbonniere.ch\/en\/confectionery-and-cookies-geneva\/\">our biscuits<\/a>, been a unanimous success since the opening of La Bonbonni\u00e8re patisserie.<\/span><\/p>\n<p class=\"p1\"><span class=\"s1\">Is your mouth watering? See our album further down this page, or go directly to <a href=\"https:\/\/shop.labonbonniere.ch\/en\/geneva-pastries\/\">Our Pastries shop<\/a> page to order online.<\/span><\/p>\n<p>&nbsp;<\/p>\n<div id=\"gtx-trans\" style=\"position: absolute; left: 316px; top: 79px;\">\n<div class=\"gtx-trans-icon\"><\/div>\n<\/div>\n[\/mk_fancy_title][\/vc_column_inner][vc_column_inner width=&#8221;1\/12&#8243;][\/vc_column_inner][vc_column_inner width=&#8221;2\/12&#8243;][mk_padding_divider size=&#8221;50&#8243;][mk_image src=&#8221;https:\/\/labonbonniere.ch\/wp-content\/uploads\/2023\/04\/entremet-bonbonniere-maracuja.jpg&#8221; image_size=&#8221;full&#8221; align=&#8221;right&#8221;][\/vc_column_inner][\/vc_row_inner][\/vc_column][\/mk_page_section][vc_row fullwidth=&#8221;true&#8221;][vc_column][mk_divider style=&#8221;thin_solid&#8221; thin_single_color=&#8221;#efcbba&#8221; thickness=&#8221;2&#8243; margin_top=&#8221;0&#8243; margin_bottom=&#8221;0&#8243;][\/vc_column][\/vc_row][mk_page_section bg_color=&#8221;#fff6f1&#8243; video_opacity=&#8221;1&#8243; padding_top=&#8221;20&#8243; padding_bottom=&#8221;0&#8243; sidebar=&#8221;sidebar-1&#8243;][vc_column][mk_fancy_title tag_name=&#8221;h3&#8243; color=&#8221;#e37a40&#8243; size=&#8221;20&#8243; margin_bottom=&#8221;0&#8243; font_family=&#8221;Kalam&#8221; font_type=&#8221;google&#8221; align=&#8221;center&#8221;]Treat yourself by ordering our delicious pastries online[\/mk_fancy_title][mk_padding_divider size=&#8221;10&#8243;][mk_button dimension=&#8221;flat&#8221; corner_style=&#8221;rounded&#8221; size=&#8221;large&#8221; url=&#8221;https:\/\/shop.labonbonniere.ch\/en\/geneva-pastries\/&#8221; target=&#8221;_blank&#8221; align=&#8221;center&#8221; margin_right=&#8221;0&#8243; el_class=&#8221;button-carte&#8221; bg_color=&#8221;#e27b41&#8243; btn_hover_bg=&#8221;#d1783c&#8221;]Discover all our pastries[\/mk_button][mk_button dimension=&#8221;flat&#8221; corner_style=&#8221;rounded&#8221; size=&#8221;large&#8221; url=&#8221;https:\/\/shop.labonbonniere.ch\/en\/gluten-free-pastries-geneva\/&#8221; target=&#8221;_blank&#8221; align=&#8221;center&#8221; margin_right=&#8221;0&#8243; el_class=&#8221;button-carte&#8221; bg_color=&#8221;#e27b41&#8243; btn_hover_bg=&#8221;#d1783c&#8221;]Discover our gluten-free and vegan pastries[\/mk_button][mk_padding_divider size=&#8221;20&#8243;][\/vc_column][\/mk_page_section][vc_row fullwidth=&#8221;true&#8221;][vc_column][mk_divider style=&#8221;thin_solid&#8221; thin_single_color=&#8221;#efcbba&#8221; thickness=&#8221;2&#8243; margin_top=&#8221;0&#8243; margin_bottom=&#8221;0&#8243;][\/vc_column][\/vc_row][mk_page_section full_width=&#8221;true&#8221; padding_top=&#8221;20&#8243; padding_bottom=&#8221;20&#8243; sidebar=&#8221;sidebar-1&#8243;][vc_column][mk_padding_divider size=&#8221;50&#8243;][vc_row_inner attached=&#8221;true&#8221;][vc_column_inner width=&#8221;2\/12&#8243;][\/vc_column_inner][vc_column_inner width=&#8221;1\/12&#8243;][\/vc_column_inner][vc_column_inner width=&#8221;6\/12&#8243;][mk_fancy_title color=&#8221;#e37a40&#8243; size=&#8221;35&#8243; margin_bottom=&#8221;0&#8243; font_family=&#8221;Kalam&#8221; font_type=&#8221;google&#8221; align=&#8221;center&#8221;]Pastries[\/mk_fancy_title][mk_fancy_title color=&#8221;#453636&#8243; size=&#8221;28&#8243; font_weight=&#8221;bold&#8221; txt_transform=&#8221;uppercase&#8221; font_family=&#8221;none&#8221; align=&#8221;center&#8221;]for every special occasion[\/mk_fancy_title][mk_divider style=&#8221;thin_solid&#8221; divider_width=&#8221;custom_width&#8221; custom_width=&#8221;100&#8243; thin_single_color=&#8221;#e37a40&#8243; thickness=&#8221;5&#8243; margin_top=&#8221;0&#8243; margin_bottom=&#8221;30&#8243;][mk_fancy_title color=&#8221;#453636&#8243; font_weight=&#8221;400&#8243; txt_transform=&#8221;none&#8221; font_family=&#8221;none&#8221; align=&#8221;center&#8221;]\n<p class=\"p1\"><span class=\"s1\">Weddings, birthdays, corporate events, for all of life&#8217;s celebrations, big or small, our pastry team can create a unique, personalized dessert.<\/span><\/p>\n<p class=\"p1\"><span class=\"s1\">Are you thinking of ordering a cake? Take a look at our catalog and explore our sweet creations made by our pastry chef. Call our patisserie team at <a href=\"tel:+41227363395\">022 736 33 95<\/a> or contact us using <a href=\"https:\/\/labonbonniere.ch\/en\/contact-and-maps\/\">our form contact<\/a>.<\/span><\/p>\n<p class=\"p1\"><span class=\"s1\">For a large project, allow about 2 weeks for consultation, design, creation and production.<\/span><\/p>\n[\/mk_fancy_title][\/vc_column_inner][vc_column_inner width=&#8221;1\/12&#8243;][\/vc_column_inner][vc_column_inner width=&#8221;2\/12&#8243;][\/vc_column_inner][\/vc_row_inner][\/vc_column][\/mk_page_section]\n<\/div>","protected":false},"excerpt":{"rendered":"<p>[mk_page_section bg_image=&#8221;https:\/\/labonbonniere.ch\/wp-content\/uploads\/2023\/04\/banniere_patisserie_site.jpg&#8221; bg_position=&#8221;center center&#8221; bg_repeat=&#8221;no-repeat&#8221; bg_stretch=&#8221;true&#8221; video_color_mask=&#8221;#000000&#8243; video_opacity=&#8221;0.4&#8243; min_height=&#8221;400&#8243; padding_bottom=&#8221;0&#8243; sidebar=&#8221;sidebar-1&#8243;][vc_column][mk_padding_divider size=&#8221;60&#8243;][vc_row_inner][vc_column_inner alignment=&#8221;center&#8221;][mk_fancy_title color=&#8221;#ffffff&#8221; size=&#8221;35&#8243; font_weight=&#8221;400&#8243; margin_bottom=&#8221;0&#8243; font_family=&#8221;Kalam&#8221; font_type=&#8221;google&#8221; align=&#8221;center&#8221; el_class=&#8221;sub-title-shadow-1&#8243;]La Bonbonni\u00e8re represents[\/mk_fancy_title][mk_fancy_title color=&#8221;#ffffff&#8221; size=&#8221;30&#8243; font_weight=&#8221;bold&#8221; txt_transform=&#8221;uppercase&#8221; font_family=&#8221;none&#8221; align=&#8221;center&#8221; el_class=&#8221;sub-title-shadow-1&#8243;]delicious and original pastries in Geneva[\/mk_fancy_title][mk_divider style=&#8221;thin_solid&#8221; divider_width=&#8221;custom_width&#8221; custom_width=&#8221;100&#8243; thin_single_color=&#8221;#e37a40&#8243; thickness=&#8221;5&#8243; margin_top=&#8221;0&#8243; margin_bottom=&#8221;30&#8243;][\/vc_column_inner][\/vc_row_inner][vc_row_inner][vc_column_inner width=&#8221;1\/6&#8243;][\/vc_column_inner][vc_column_inner width=&#8221;2\/3&#8243;][vc_column_text align=&#8221;center&#8221; el_class=&#8221;text-shadow-1&#8243; css=&#8221;.vc_custom_1710254170704{margin-bottom: 0px !important;}&#8221;]Whether to have along with your hot<\/p>\n","protected":false},"author":1,"featured_media":0,"parent":0,"menu_order":0,"comment_status":"closed","ping_status":"closed","template":"","meta":{"footnotes":""},"class_list":["post-3033","page","type-page","status-publish","hentry"],"yoast_head":"<!-- This site is optimized with the Yoast SEO plugin v26.4 - https:\/\/yoast.com\/wordpress\/plugins\/seo\/ -->\n<title>Home-made pastries in Geneva<\/title>\n<meta name=\"description\" content=\"Discover our pastries and cakes made in Geneva to delight as many people as possible, and our collection of vegan and gluten-free pastries.\" \/>\n<meta name=\"robots\" content=\"index, follow, max-snippet:-1, max-image-preview:large, max-video-preview:-1\" \/>\n<link rel=\"canonical\" href=\"https:\/\/labonbonniere.ch\/en\/pastry-shops-in-geneva\/\" \/>\n<meta property=\"og:locale\" content=\"en_US\" \/>\n<meta property=\"og:type\" content=\"article\" \/>\n<meta property=\"og:title\" content=\"Home-made pastries in Geneva\" \/>\n<meta property=\"og:description\" content=\"Discover our pastries and cakes made in Geneva to delight as many people as possible, and our collection of vegan and gluten-free pastries.\" \/>\n<meta property=\"og:url\" content=\"https:\/\/labonbonniere.ch\/en\/pastry-shops-in-geneva\/\" \/>\n<meta property=\"og:site_name\" content=\"La Bonbonni\u00e8re Chocolaterie Gen\u00e8ve\" \/>\n<meta property=\"article:publisher\" content=\"https:\/\/www.facebook.com\/labonbonniere.ch\/?ref=br_rs\" \/>\n<meta property=\"article:modified_time\" content=\"2024-03-12T14:38:42+00:00\" \/>\n<meta name=\"twitter:card\" content=\"summary_large_image\" \/>\n<meta name=\"twitter:site\" content=\"@LaBonbonniereCh\" \/>\n<meta name=\"twitter:label1\" content=\"Est. reading time\" \/>\n\t<meta name=\"twitter:data1\" content=\"5 minutes\" \/>\n<script type=\"application\/ld+json\" class=\"yoast-schema-graph\">{\"@context\":\"https:\/\/schema.org\",\"@graph\":[{\"@type\":\"WebPage\",\"@id\":\"https:\/\/labonbonniere.ch\/en\/pastry-shops-in-geneva\/\",\"url\":\"https:\/\/labonbonniere.ch\/en\/pastry-shops-in-geneva\/\",\"name\":\"Home-made pastries in Geneva\",\"isPartOf\":{\"@id\":\"https:\/\/labonbonniere.ch\/#website\"},\"datePublished\":\"2024-02-20T13:08:25+00:00\",\"dateModified\":\"2024-03-12T14:38:42+00:00\",\"description\":\"Discover our pastries and cakes made in Geneva to delight as many people as possible, and our collection of vegan and gluten-free pastries.\",\"breadcrumb\":{\"@id\":\"https:\/\/labonbonniere.ch\/en\/pastry-shops-in-geneva\/#breadcrumb\"},\"inLanguage\":\"en-US\",\"potentialAction\":[{\"@type\":\"ReadAction\",\"target\":[\"https:\/\/labonbonniere.ch\/en\/pastry-shops-in-geneva\/\"]}]},{\"@type\":\"BreadcrumbList\",\"@id\":\"https:\/\/labonbonniere.ch\/en\/pastry-shops-in-geneva\/#breadcrumb\",\"itemListElement\":[{\"@type\":\"ListItem\",\"position\":1,\"name\":\"Accueil\",\"item\":\"https:\/\/labonbonniere.ch\/en\/\"},{\"@type\":\"ListItem\",\"position\":2,\"name\":\"Pastry shops in Geneva\"}]},{\"@type\":\"WebSite\",\"@id\":\"https:\/\/labonbonniere.ch\/#website\",\"url\":\"https:\/\/labonbonniere.ch\/\",\"name\":\"La Bonbonni\u00e8re Chocolaterie Gen\u00e8ve\",\"description\":\"Chocolaterie Artisanale \u00e0 Gen\u00e8ve et Ecole du Chocolat\",\"publisher\":{\"@id\":\"https:\/\/labonbonniere.ch\/#organization\"},\"potentialAction\":[{\"@type\":\"SearchAction\",\"target\":{\"@type\":\"EntryPoint\",\"urlTemplate\":\"https:\/\/labonbonniere.ch\/?s={search_term_string}\"},\"query-input\":{\"@type\":\"PropertyValueSpecification\",\"valueRequired\":true,\"valueName\":\"search_term_string\"}}],\"inLanguage\":\"en-US\"},{\"@type\":\"Organization\",\"@id\":\"https:\/\/labonbonniere.ch\/#organization\",\"name\":\"La Bonbonni\u00e8re Chocolaterie Gen\u00e8ve\",\"url\":\"https:\/\/labonbonniere.ch\/\",\"logo\":{\"@type\":\"ImageObject\",\"inLanguage\":\"en-US\",\"@id\":\"https:\/\/labonbonniere.ch\/#\/schema\/logo\/image\/\",\"url\":\"https:\/\/labonbonniere.ch\/wp-content\/uploads\/2018\/03\/logo-bonbonniere-web-orange-1.png\",\"contentUrl\":\"https:\/\/labonbonniere.ch\/wp-content\/uploads\/2018\/03\/logo-bonbonniere-web-orange-1.png\",\"width\":1033,\"height\":454,\"caption\":\"La Bonbonni\u00e8re Chocolaterie Gen\u00e8ve\"},\"image\":{\"@id\":\"https:\/\/labonbonniere.ch\/#\/schema\/logo\/image\/\"},\"sameAs\":[\"https:\/\/www.facebook.com\/labonbonniere.ch\/?ref=br_rs\",\"https:\/\/x.com\/LaBonbonniereCh\",\"https:\/\/www.instagram.com\/labonbonniere.ch\/\",\"https:\/\/www.linkedin.com\/company\/la-bonbonniere\"]}]}<\/script>\n<!-- \/ Yoast SEO plugin. -->","yoast_head_json":{"title":"Home-made pastries in Geneva","description":"Discover our pastries and cakes made in Geneva to delight as many people as possible, and our collection of vegan and gluten-free pastries.","robots":{"index":"index","follow":"follow","max-snippet":"max-snippet:-1","max-image-preview":"max-image-preview:large","max-video-preview":"max-video-preview:-1"},"canonical":"https:\/\/labonbonniere.ch\/en\/pastry-shops-in-geneva\/","og_locale":"en_US","og_type":"article","og_title":"Home-made pastries in Geneva","og_description":"Discover our pastries and cakes made in Geneva to delight as many people as possible, and our collection of vegan and gluten-free pastries.","og_url":"https:\/\/labonbonniere.ch\/en\/pastry-shops-in-geneva\/","og_site_name":"La Bonbonni\u00e8re Chocolaterie Gen\u00e8ve","article_publisher":"https:\/\/www.facebook.com\/labonbonniere.ch\/?ref=br_rs","article_modified_time":"2024-03-12T14:38:42+00:00","twitter_card":"summary_large_image","twitter_site":"@LaBonbonniereCh","twitter_misc":{"Est. reading time":"5 minutes"},"schema":{"@context":"https:\/\/schema.org","@graph":[{"@type":"WebPage","@id":"https:\/\/labonbonniere.ch\/en\/pastry-shops-in-geneva\/","url":"https:\/\/labonbonniere.ch\/en\/pastry-shops-in-geneva\/","name":"Home-made pastries in Geneva","isPartOf":{"@id":"https:\/\/labonbonniere.ch\/#website"},"datePublished":"2024-02-20T13:08:25+00:00","dateModified":"2024-03-12T14:38:42+00:00","description":"Discover our pastries and cakes made in Geneva to delight as many people as possible, and our collection of vegan and gluten-free pastries.","breadcrumb":{"@id":"https:\/\/labonbonniere.ch\/en\/pastry-shops-in-geneva\/#breadcrumb"},"inLanguage":"en-US","potentialAction":[{"@type":"ReadAction","target":["https:\/\/labonbonniere.ch\/en\/pastry-shops-in-geneva\/"]}]},{"@type":"BreadcrumbList","@id":"https:\/\/labonbonniere.ch\/en\/pastry-shops-in-geneva\/#breadcrumb","itemListElement":[{"@type":"ListItem","position":1,"name":"Accueil","item":"https:\/\/labonbonniere.ch\/en\/"},{"@type":"ListItem","position":2,"name":"Pastry shops in Geneva"}]},{"@type":"WebSite","@id":"https:\/\/labonbonniere.ch\/#website","url":"https:\/\/labonbonniere.ch\/","name":"La Bonbonni\u00e8re Chocolaterie Gen\u00e8ve","description":"Chocolaterie Artisanale \u00e0 Gen\u00e8ve et Ecole du Chocolat","publisher":{"@id":"https:\/\/labonbonniere.ch\/#organization"},"potentialAction":[{"@type":"SearchAction","target":{"@type":"EntryPoint","urlTemplate":"https:\/\/labonbonniere.ch\/?s={search_term_string}"},"query-input":{"@type":"PropertyValueSpecification","valueRequired":true,"valueName":"search_term_string"}}],"inLanguage":"en-US"},{"@type":"Organization","@id":"https:\/\/labonbonniere.ch\/#organization","name":"La Bonbonni\u00e8re Chocolaterie Gen\u00e8ve","url":"https:\/\/labonbonniere.ch\/","logo":{"@type":"ImageObject","inLanguage":"en-US","@id":"https:\/\/labonbonniere.ch\/#\/schema\/logo\/image\/","url":"https:\/\/labonbonniere.ch\/wp-content\/uploads\/2018\/03\/logo-bonbonniere-web-orange-1.png","contentUrl":"https:\/\/labonbonniere.ch\/wp-content\/uploads\/2018\/03\/logo-bonbonniere-web-orange-1.png","width":1033,"height":454,"caption":"La Bonbonni\u00e8re Chocolaterie Gen\u00e8ve"},"image":{"@id":"https:\/\/labonbonniere.ch\/#\/schema\/logo\/image\/"},"sameAs":["https:\/\/www.facebook.com\/labonbonniere.ch\/?ref=br_rs","https:\/\/x.com\/LaBonbonniereCh","https:\/\/www.instagram.com\/labonbonniere.ch\/","https:\/\/www.linkedin.com\/company\/la-bonbonniere"]}]}},"_links":{"self":[{"href":"https:\/\/labonbonniere.ch\/en\/wp-json\/wp\/v2\/pages\/3033","targetHints":{"allow":["GET"]}}],"collection":[{"href":"https:\/\/labonbonniere.ch\/en\/wp-json\/wp\/v2\/pages"}],"about":[{"href":"https:\/\/labonbonniere.ch\/en\/wp-json\/wp\/v2\/types\/page"}],"author":[{"embeddable":true,"href":"https:\/\/labonbonniere.ch\/en\/wp-json\/wp\/v2\/users\/1"}],"replies":[{"embeddable":true,"href":"https:\/\/labonbonniere.ch\/en\/wp-json\/wp\/v2\/comments?post=3033"}],"version-history":[{"count":7,"href":"https:\/\/labonbonniere.ch\/en\/wp-json\/wp\/v2\/pages\/3033\/revisions"}],"predecessor-version":[{"id":3180,"href":"https:\/\/labonbonniere.ch\/en\/wp-json\/wp\/v2\/pages\/3033\/revisions\/3180"}],"wp:attachment":[{"href":"https:\/\/labonbonniere.ch\/en\/wp-json\/wp\/v2\/media?parent=3033"}],"curies":[{"name":"wp","href":"https:\/\/api.w.org\/{rel}","templated":true}]}}