{"id":3027,"date":"2024-02-20T13:46:44","date_gmt":"2024-02-20T12:46:44","guid":{"rendered":"https:\/\/labonbonniere.ch\/contact-and-maps\/"},"modified":"2025-03-12T16:59:43","modified_gmt":"2025-03-12T15:59:43","slug":"contact-and-maps","status":"publish","type":"page","link":"https:\/\/labonbonniere.ch\/en\/contact-and-maps\/","title":{"rendered":"Contact and maps"},"content":{"rendered":"<div class=\"wpb-content-wrapper\">[vc_row visibility=&#8221;hidden-sm&#8221;][vc_column][mk_padding_divider size=&#8221;20&#8243;][\/vc_column][\/vc_row][mk_page_section bg_image=&#8221;https:\/\/labonbonniere.ch\/wp-content\/uploads\/2018\/03\/pattern-bb-e1521558730265.png&#8221; video_color_mask=&#8221;#ffffff&#8221; video_opacity=&#8221;0.9&#8243; visibility=&#8221;hidden-sm&#8221; sidebar=&#8221;sidebar-1&#8243;][vc_column][vc_row_inner][vc_column_inner alignment=&#8221;center&#8221;][mk_padding_divider size=&#8221;70&#8243;]<div id=\"mpc_animated_text-8969f59dc3485a2\" class=\"mpc-animated-text-wrap mpc-init mpc-transition mpc-style--rotator animated-text-contact\"  data-options=\"{&quot;style&quot;:&quot;rotator&quot;,&quot;duration&quot;:&quot;400&quot;,&quot;delay&quot;:&quot;2800&quot;,&quot;loop&quot;:true,&quot;dynamic&quot;:false}\"><div class=\"mpc-animated-text\"><div class=\"mpc-animated-text__block\"><span class=\"mpc-animated-text__word\">Vous aimeriez offrir \u00e0 vos clients du chocolat suisse de qualit\u00e9 ? <\/span><\/div><div class=\"mpc-animated-text__block\"><span class=\"mpc-animated-text__word\">Vous avez une suggestion ?<\/span><\/div><div class=\"mpc-animated-text__block\"><span class=\"mpc-animated-text__word\">Vous avez un projet chocolat\u00e9 particulier ?<\/span><\/div><\/div><\/div>[mk_fancy_title color=&#8221;#453636&#8243; size=&#8221;24&#8243; font_weight=&#8221;bold&#8221; txt_transform=&#8221;uppercase&#8221; margin_bottom=&#8221;40&#8243; font_family=&#8221;none&#8221; align=&#8221;center&#8221;]We look forward to hearing from you.[\/mk_fancy_title][\/vc_column_inner][\/vc_row_inner][vc_row_inner][vc_column_inner width=&#8221;1\/6&#8243; alignment=&#8221;center&#8221;][\/vc_column_inner][vc_column_inner width=&#8221;2\/3&#8243;][vc_column_text css=&#8221;.vc_custom_1705162779658{margin-bottom: 0px !important;}&#8221;]To contact us, please send an e-mail to <a href=\"mailto:contact@labonbonniere.ch\">contact@labonbonniere.ch .<\/a>[\/vc_column_text][\/vc_column_inner][vc_column_inner width=&#8221;1\/6&#8243;][\/vc_column_inner][\/vc_row_inner][\/vc_column][\/mk_page_section][mk_page_section bg_image=&#8221;https:\/\/labonbonniere.ch\/wp-content\/uploads\/2018\/03\/pattern-bb-e1521558730265.png&#8221; video_color_mask=&#8221;#ffffff&#8221; video_opacity=&#8221;0.9&#8243; visibility=&#8221;visible-sm&#8221; sidebar=&#8221;sidebar-1&#8243;][vc_column][vc_row_inner][vc_column_inner alignment=&#8221;center&#8221;][mk_padding_divider size=&#8221;30&#8243;][mk_fancy_title color=&#8221;#e37a40&#8243; size=&#8221;18&#8243; font_weight=&#8221;500&#8243; margin_bottom=&#8221;40&#8243; font_family=&#8221;Kalam&#8221; font_type=&#8221;google&#8221; align=&#8221;center&#8221; el_class=&#8221;titre-kalam&#8221;]Would you like to offer your clients a quality Suisse chocolate ?<br \/>\nDo you have a suggestion?<br \/>\nDo you have a special chocolate project in mind?[\/mk_fancy_title][mk_fancy_title color=&#8221;#453636&#8243; size=&#8221;20&#8243; font_weight=&#8221;bold&#8221; txt_transform=&#8221;uppercase&#8221; margin_bottom=&#8221;40&#8243; font_family=&#8221;none&#8221; align=&#8221;center&#8221;]WE ARE LOOKING FORWARD TO START SHARING WITH YOU![\/mk_fancy_title][\/vc_column_inner][\/vc_row_inner][vc_row_inner][vc_column_inner width=&#8221;1\/6&#8243; alignment=&#8221;center&#8221;][\/vc_column_inner][vc_column_inner width=&#8221;2\/3&#8243;][mk_contact_form style=&#8221;corporate&#8221; button_text=&#8221;Send&#8221; bg_color=&#8221;#ffffff&#8221; border_color=&#8221;#e37a40&#8243; font_color=&#8221;#453636&#8243; button_color=&#8221;#e37a40&#8243; phone=&#8221;true&#8221;][\/vc_column_inner][vc_column_inner width=&#8221;1\/6&#8243;][\/vc_column_inner][\/vc_row_inner][\/vc_column][\/mk_page_section][mk_page_section bg_image=&#8221;https:\/\/labonbonniere.ch\/wp-content\/uploads\/2018\/03\/pattern-bb-e1521558730265.png&#8221; video_color_mask=&#8221;#ffffff&#8221; video_opacity=&#8221;0.9&#8243; padding_top=&#8221;50&#8243; padding_bottom=&#8221;80&#8243; sidebar=&#8221;sidebar-1&#8243;][vc_column width=&#8221;1\/2&#8243;][mk_fancy_title color=&#8221;#e37a40&#8243; size=&#8221;35&#8243; margin_bottom=&#8221;5&#8243; font_family=&#8221;Kalam&#8221; font_type=&#8221;google&#8221; align=&#8221;center&#8221;]How to find us[\/mk_fancy_title][mk_fancy_title color=&#8221;#453636&#8243; size=&#8221;26&#8243; font_weight=&#8221;bold&#8221; txt_transform=&#8221;uppercase&#8221; margin_bottom=&#8221;15&#8243; font_family=&#8221;none&#8221; align=&#8221;center&#8221; el_class=&#8221;margin-top-min-15&#8243;]La fabrique[\/mk_fancy_title][mk_divider style=&#8221;thin_solid&#8221; divider_width=&#8221;custom_width&#8221; custom_width=&#8221;100&#8243; thin_single_color=&#8221;#e37a40&#8243; thickness=&#8221;5&#8243; margin_top=&#8221;0&#8243; margin_bottom=&#8221;40&#8243;][vc_row_inner][vc_column_inner alignment=&#8221;center&#8221;][mk_advanced_gmaps custom_markers=&#8221;true&#8221; latitude=&#8221;46.194571&#8243; longitude=&#8221;6.193669&#8243; custom_marker_1=&#8221;https:\/\/labonbonniere.ch\/wp-content\/uploads\/2018\/03\/pin-bb-e1522160870381.png&#8221; height=&#8221;340&#8243; map_zoom=&#8221;9&#8243;][mk_fancy_title color=&#8221;#453636&#8243; size=&#8221;25&#8243; font_weight=&#8221;bold&#8221; txt_transform=&#8221;uppercase&#8221; margin_top=&#8221;40&#8243; margin_bottom=&#8221;10&#8243; font_family=&#8221;none&#8221; align=&#8221;center&#8221; el_class=&#8221;margin-top-min-15&#8243;]Adress &amp; contact[\/mk_fancy_title][mk_divider style=&#8221;thin_solid&#8221; divider_width=&#8221;custom_width&#8221; custom_width=&#8221;80&#8243; thin_single_color=&#8221;#e37a40&#8243; thickness=&#8221;4&#8243; margin_top=&#8221;0&#8243; margin_bottom=&#8221;15&#8243;][mk_padding_divider size=&#8221;30&#8243;][vc_column_text align=&#8221;center&#8221; css=&#8221;.vc_custom_1705158804250{margin-bottom: 0px !important;}&#8221;]<strong>La Bonbonni\u00e8re in Ch\u00eane Bourg<br \/>\n<em>Chocolaterie <\/em><\/strong><\/p>\n<p><span style=\"font-weight: 400;\">Rue de Gen\u00e8ve 14<br \/>\n<\/span><span style=\"font-weight: 400;\">1225 CH\u00caNE-BOURG<br \/>\n<\/span><span style=\"font-weight: 400;\">(Tram 12 &#8211; stop Place Favre)<br \/>\n<\/span><span style=\"font-weight: 400;\">Monday to Friday 8.30am to 6.30pm<br \/>\nSaturday 8.30am to 6pm<\/span>[\/vc_column_text][vc_column_text align=&#8221;center&#8221; css=&#8221;.vc_custom_1539592571921{margin-bottom: 0px !important;}&#8221;]Tel: <a href=\"tel:+41227363395\">022 736 33 95<\/a><br \/>\n<a href=\"mailto:contact@labonbonniere.ch\">contact@labonbonniere.ch<\/a>[\/vc_column_text][mk_padding_divider size=&#8221;30&#8243;][\/vc_column_inner][\/vc_row_inner][vc_column_text css=&#8221;.vc_custom_1705158488546{margin-bottom: 0px !important;}&#8221;]\n<p style=\"text-align: center;\"><strong>Le Patio by La Bonbonni\u00e8re<br \/>\n(entrance from inside the Aeschbach boutique<br \/>\nor through the door on the right)<\/strong><\/p>\n<p style=\"text-align: center;\"><span style=\"font-weight: 400;\">Rue du march\u00e9 40<br \/>\n<\/span><span style=\"font-weight: 400;\">1204 GENEVA<br \/>\n<\/span><span style=\"font-weight: 400;\">(Tram 12 &#8211; Molard stop)<br \/>\n<\/span><span style=\"font-weight: 400;\">Monday to Friday, 8.30am to 6.30pm<br \/>\nSaturday, 8.30am to 6pm<\/span><\/p>\n<p style=\"text-align: center;\">Tel : <a href=\"tel:+41228199222\">+41 22 819 92 22<\/a><\/p>\n[\/vc_column_text][\/vc_column][vc_column width=&#8221;1\/2&#8243;][mk_fancy_title color=&#8221;#e37a40&#8243; size=&#8221;35&#8243; margin_bottom=&#8221;5&#8243; font_family=&#8221;Kalam&#8221; font_type=&#8221;google&#8221; align=&#8221;center&#8221;]How to find us[\/mk_fancy_title][mk_fancy_title color=&#8221;#453636&#8243; size=&#8221;26&#8243; font_weight=&#8221;bold&#8221; txt_transform=&#8221;uppercase&#8221; margin_bottom=&#8221;15&#8243; font_family=&#8221;none&#8221; align=&#8221;center&#8221; el_class=&#8221;margin-top-min-15&#8243;]bars \u00e0 chocolat &amp; stores[\/mk_fancy_title][mk_divider style=&#8221;thin_solid&#8221; divider_width=&#8221;custom_width&#8221; custom_width=&#8221;100&#8243; thin_single_color=&#8221;#e37a40&#8243; thickness=&#8221;5&#8243; margin_top=&#8221;0&#8243; margin_bottom=&#8221;40&#8243;][vc_row_inner][vc_column_inner alignment=&#8221;center&#8221;][mk_advanced_gmaps custom_markers=&#8221;true&#8221; latitude=&#8221;46.202381&#8243; longitude=&#8221;6.153978&#8243; custom_marker_1=&#8221;https:\/\/labonbonniere.ch\/wp-content\/uploads\/2018\/03\/pin-bb-e1522160870381.png&#8221; latitude_2=&#8221;46.2034827&#8243; longitude_2=&#8221;6.1409411&#8243; custom_marker_2=&#8221;https:\/\/labonbonniere.ch\/wp-content\/uploads\/2018\/03\/pin-bb-e1522160870381.png&#8221; height=&#8221;340&#8243; map_zoom=&#8221;12&#8243;][mk_fancy_title color=&#8221;#453636&#8243; size=&#8221;25&#8243; font_weight=&#8221;bold&#8221; txt_transform=&#8221;uppercase&#8221; margin_top=&#8221;40&#8243; margin_bottom=&#8221;10&#8243; font_family=&#8221;none&#8221; align=&#8221;center&#8221; el_class=&#8221;margin-top-min-15&#8243;]Adress &amp; contacts[\/mk_fancy_title][mk_divider style=&#8221;thin_solid&#8221; divider_width=&#8221;custom_width&#8221; custom_width=&#8221;80&#8243; thin_single_color=&#8221;#e37a40&#8243; thickness=&#8221;4&#8243; margin_top=&#8221;0&#8243; margin_bottom=&#8221;15&#8243;][vc_column_text align=&#8221;center&#8221; css=&#8221;.vc_custom_1705158907625{margin-bottom: 0px !important;}&#8221;]<strong>La Bonbonni\u00e8re at Rive<br \/>\n<em>Chocolaterie, Bar \u00e0 Chocolat and L&#8217;\u00c9cole du Chocolat<\/em> <\/strong><\/p>\n<p><span style=\"font-weight: 400;\">Rue Pierre Fatio 15<br \/>\n<\/span><span style=\"font-weight: 400;\">1204 GENEVA<br \/>\n<\/span><span style=\"font-weight: 400;\">(Tram 12 &#8211; Rive stop)<br \/>\n<\/span><span style=\"font-weight: 400;\">Monday to Friday: 8am to 6.30pm<br \/>\nSaturday: 8am to 6pm<\/span>[\/vc_column_text][vc_column_text align=&#8221;center&#8221; css=&#8221;.vc_custom_1705158327796{margin-bottom: 0px !important;}&#8221;]Tel: <a href=\"tel:+41223116196\">022 311 61 96<\/a><br \/>\n<a href=\"mailto:contact@labonbonniere.ch\">contact@labonbonniere.ch<\/a>[\/vc_column_text][vc_column_text align=&#8221;center&#8221; css=&#8221;.vc_custom_1705158992503{margin-bottom: 0px !important;}&#8221;]<strong>L&#8217;\u00c9cole du Chocolat<\/strong><br \/>\nTel: <a href=\"tel:004122%20519%2067%2082\">022 519 67 82<\/a><br \/>\n<a href=\"mailto:ecole@labonbonniere.ch\">ecole@labonbonniere.ch<\/a>[\/vc_column_text][vc_column_text align=&#8221;center&#8221; css=&#8221;.vc_custom_1741795168120{margin-bottom: 0px !important;}&#8221;]<strong>La Bonbonni\u00e8re at Stand<br \/>\n<em>Chocolaterie, Chocolate Bar<\/em><\/strong><\/p>\n<p><span style=\"font-weight: 400;\">Rue du Stand 62<br \/>\n<\/span><span style=\"font-weight: 400;\">1204 GENEVA<br \/>\n<\/span><span style=\"font-weight: 400;\">(Tram 12 &#8211; Stand stop)<br \/>\n<\/span><span style=\"font-weight: 400;\">Monday to Friday: 7.30 am to 6.30 pm<br \/>\nSaturday: 10 am to 6 pm<\/span><\/p>\n<p>&nbsp;[\/vc_column_text][vc_column_text align=&#8221;center&#8221; css=&#8221;.vc_custom_1629983485773{margin-bottom: 0px !important;}&#8221;]Tel: <a href=\"tel:+41223100182\">022 310 01 82<\/a><br \/>\n<a href=\"mailto:contact@labonbonniere.ch\">contact@labonbonniere.ch<\/a>[\/vc_column_text][vc_column_text align=&#8221;center&#8221; css=&#8221;.vc_custom_1741795139976{margin-bottom: 0px !important;}&#8221;]<strong>La Bonbonni\u00e8re in Plainpalais<br \/>\n<em>Chocolaterie, Bar \u00e0 Chocolat<\/em><\/strong><\/p>\n<p><span style=\"font-weight: 400;\">Bd des philosophe 3<br \/>\n<\/span><span style=\"font-weight: 400;\">1201 GENEVA<br \/>\n<\/span><span style=\"font-weight: 400;\">(Tram 15 and 18 &#8211; Plainpalais stop)<br \/>\n<\/span><span style=\"font-weight: 400;\">Monday to Friday: 8:30 am to 6:30 pm<br \/>\nSaturday: 10 am to 6 pm<\/span>[\/vc_column_text][vc_column_text align=&#8221;center&#8221; css=&#8221;.vc_custom_1732827567312{margin-bottom: 0px !important;}&#8221;]Tel: <a href=\"tel:+41225594586\">022 559 45 86<\/a><br \/>\n<a href=\"mailto:contact@labonbonniere.ch\">contact@labonbonniere.ch<\/a>[\/vc_column_text][\/vc_column_inner][\/vc_row_inner][\/vc_column][\/mk_page_section]\n<\/div>","protected":false},"excerpt":{"rendered":"<p>[vc_row visibility=&#8221;hidden-sm&#8221;][vc_column][mk_padding_divider size=&#8221;20&#8243;][\/vc_column][\/vc_row][mk_page_section bg_image=&#8221;https:\/\/labonbonniere.ch\/wp-content\/uploads\/2018\/03\/pattern-bb-e1521558730265.png&#8221; video_color_mask=&#8221;#ffffff&#8221; video_opacity=&#8221;0.9&#8243; visibility=&#8221;hidden-sm&#8221; sidebar=&#8221;sidebar-1&#8243;][vc_column][vc_row_inner][vc_column_inner alignment=&#8221;center&#8221;][mk_padding_divider size=&#8221;70&#8243;][mk_fancy_title color=&#8221;#453636&#8243; size=&#8221;24&#8243; font_weight=&#8221;bold&#8221; txt_transform=&#8221;uppercase&#8221; margin_bottom=&#8221;40&#8243; font_family=&#8221;none&#8221; align=&#8221;center&#8221;]We look forward to hearing from you.[\/mk_fancy_title][\/vc_column_inner][\/vc_row_inner][vc_row_inner][vc_column_inner width=&#8221;1\/6&#8243; alignment=&#8221;center&#8221;][\/vc_column_inner][vc_column_inner width=&#8221;2\/3&#8243;][vc_column_text css=&#8221;.vc_custom_1705162779658{margin-bottom: 0px !important;}&#8221;]To contact us, please send an e-mail to contact@labonbonniere.ch .[\/vc_column_text][\/vc_column_inner][vc_column_inner width=&#8221;1\/6&#8243;][\/vc_column_inner][\/vc_row_inner][\/vc_column][\/mk_page_section][mk_page_section bg_image=&#8221;https:\/\/labonbonniere.ch\/wp-content\/uploads\/2018\/03\/pattern-bb-e1521558730265.png&#8221; video_color_mask=&#8221;#ffffff&#8221; video_opacity=&#8221;0.9&#8243; visibility=&#8221;visible-sm&#8221; sidebar=&#8221;sidebar-1&#8243;][vc_column][vc_row_inner][vc_column_inner alignment=&#8221;center&#8221;][mk_padding_divider size=&#8221;30&#8243;][mk_fancy_title color=&#8221;#e37a40&#8243; size=&#8221;18&#8243; font_weight=&#8221;500&#8243; margin_bottom=&#8221;40&#8243; font_family=&#8221;Kalam&#8221; font_type=&#8221;google&#8221; align=&#8221;center&#8221; el_class=&#8221;titre-kalam&#8221;]Would you<\/p>\n","protected":false},"author":1,"featured_media":0,"parent":0,"menu_order":0,"comment_status":"closed","ping_status":"closed","template":"","meta":{"footnotes":""},"class_list":["post-3027","page","type-page","status-publish","hentry"],"yoast_head":"<!-- This site is optimized with the Yoast SEO plugin v26.4 - https:\/\/yoast.com\/wordpress\/plugins\/seo\/ -->\n<title>Contact and maps - La Bonbonni\u00e8re Chocolaterie Geneva<\/title>\n<meta name=\"description\" content=\"A Geneva institution, La Bonbonni\u00e8re chocolaterie welcomes you to its Bar \u00e0 Chocolat for a moment of relaxation, a tasting session or to buy quality handmade Swiss chocolate.\" \/>\n<meta name=\"robots\" content=\"index, follow, max-snippet:-1, max-image-preview:large, max-video-preview:-1\" \/>\n<link rel=\"canonical\" href=\"https:\/\/labonbonniere.ch\/en\/contact-and-maps\/\" \/>\n<meta property=\"og:locale\" content=\"en_US\" \/>\n<meta property=\"og:type\" content=\"article\" \/>\n<meta property=\"og:title\" content=\"Contact and maps - La Bonbonni\u00e8re Chocolaterie Geneva\" \/>\n<meta property=\"og:description\" content=\"A Geneva institution, La Bonbonni\u00e8re chocolaterie welcomes you to its Bar \u00e0 Chocolat for a moment of relaxation, a tasting session or to buy quality handmade Swiss chocolate.\" \/>\n<meta property=\"og:url\" content=\"https:\/\/labonbonniere.ch\/en\/contact-and-maps\/\" \/>\n<meta property=\"og:site_name\" content=\"La Bonbonni\u00e8re Chocolaterie Gen\u00e8ve\" \/>\n<meta property=\"article:publisher\" content=\"https:\/\/www.facebook.com\/labonbonniere.ch\/?ref=br_rs\" \/>\n<meta property=\"article:modified_time\" content=\"2025-03-12T15:59:43+00:00\" \/>\n<meta name=\"twitter:card\" content=\"summary_large_image\" \/>\n<meta name=\"twitter:site\" content=\"@LaBonbonniereCh\" \/>\n<meta name=\"twitter:label1\" content=\"Est. reading time\" \/>\n\t<meta name=\"twitter:data1\" content=\"5 minutes\" \/>\n<script type=\"application\/ld+json\" class=\"yoast-schema-graph\">{\"@context\":\"https:\/\/schema.org\",\"@graph\":[{\"@type\":\"WebPage\",\"@id\":\"https:\/\/labonbonniere.ch\/en\/contact-and-maps\/\",\"url\":\"https:\/\/labonbonniere.ch\/en\/contact-and-maps\/\",\"name\":\"Contact and maps - La Bonbonni\u00e8re Chocolaterie Geneva\",\"isPartOf\":{\"@id\":\"https:\/\/labonbonniere.ch\/#website\"},\"datePublished\":\"2024-02-20T12:46:44+00:00\",\"dateModified\":\"2025-03-12T15:59:43+00:00\",\"description\":\"A Geneva institution, La Bonbonni\u00e8re chocolaterie welcomes you to its Bar \u00e0 Chocolat for a moment of relaxation, a tasting session or to buy quality handmade Swiss chocolate.\",\"breadcrumb\":{\"@id\":\"https:\/\/labonbonniere.ch\/en\/contact-and-maps\/#breadcrumb\"},\"inLanguage\":\"en-US\",\"potentialAction\":[{\"@type\":\"ReadAction\",\"target\":[\"https:\/\/labonbonniere.ch\/en\/contact-and-maps\/\"]}]},{\"@type\":\"BreadcrumbList\",\"@id\":\"https:\/\/labonbonniere.ch\/en\/contact-and-maps\/#breadcrumb\",\"itemListElement\":[{\"@type\":\"ListItem\",\"position\":1,\"name\":\"Accueil\",\"item\":\"https:\/\/labonbonniere.ch\/en\/\"},{\"@type\":\"ListItem\",\"position\":2,\"name\":\"Contact and maps\"}]},{\"@type\":\"WebSite\",\"@id\":\"https:\/\/labonbonniere.ch\/#website\",\"url\":\"https:\/\/labonbonniere.ch\/\",\"name\":\"La Bonbonni\u00e8re Chocolaterie Gen\u00e8ve\",\"description\":\"Chocolaterie Artisanale \u00e0 Gen\u00e8ve et Ecole du Chocolat\",\"publisher\":{\"@id\":\"https:\/\/labonbonniere.ch\/#organization\"},\"potentialAction\":[{\"@type\":\"SearchAction\",\"target\":{\"@type\":\"EntryPoint\",\"urlTemplate\":\"https:\/\/labonbonniere.ch\/?s={search_term_string}\"},\"query-input\":{\"@type\":\"PropertyValueSpecification\",\"valueRequired\":true,\"valueName\":\"search_term_string\"}}],\"inLanguage\":\"en-US\"},{\"@type\":\"Organization\",\"@id\":\"https:\/\/labonbonniere.ch\/#organization\",\"name\":\"La Bonbonni\u00e8re Chocolaterie Gen\u00e8ve\",\"url\":\"https:\/\/labonbonniere.ch\/\",\"logo\":{\"@type\":\"ImageObject\",\"inLanguage\":\"en-US\",\"@id\":\"https:\/\/labonbonniere.ch\/#\/schema\/logo\/image\/\",\"url\":\"https:\/\/labonbonniere.ch\/wp-content\/uploads\/2018\/03\/logo-bonbonniere-web-orange-1.png\",\"contentUrl\":\"https:\/\/labonbonniere.ch\/wp-content\/uploads\/2018\/03\/logo-bonbonniere-web-orange-1.png\",\"width\":1033,\"height\":454,\"caption\":\"La Bonbonni\u00e8re Chocolaterie Gen\u00e8ve\"},\"image\":{\"@id\":\"https:\/\/labonbonniere.ch\/#\/schema\/logo\/image\/\"},\"sameAs\":[\"https:\/\/www.facebook.com\/labonbonniere.ch\/?ref=br_rs\",\"https:\/\/x.com\/LaBonbonniereCh\",\"https:\/\/www.instagram.com\/labonbonniere.ch\/\",\"https:\/\/www.linkedin.com\/company\/la-bonbonniere\"]}]}<\/script>\n<!-- \/ Yoast SEO plugin. -->","yoast_head_json":{"title":"Contact and maps - La Bonbonni\u00e8re Chocolaterie Geneva","description":"A Geneva institution, La Bonbonni\u00e8re chocolaterie welcomes you to its Bar \u00e0 Chocolat for a moment of relaxation, a tasting session or to buy quality handmade Swiss chocolate.","robots":{"index":"index","follow":"follow","max-snippet":"max-snippet:-1","max-image-preview":"max-image-preview:large","max-video-preview":"max-video-preview:-1"},"canonical":"https:\/\/labonbonniere.ch\/en\/contact-and-maps\/","og_locale":"en_US","og_type":"article","og_title":"Contact and maps - La Bonbonni\u00e8re Chocolaterie Geneva","og_description":"A Geneva institution, La Bonbonni\u00e8re chocolaterie welcomes you to its Bar \u00e0 Chocolat for a moment of relaxation, a tasting session or to buy quality handmade Swiss chocolate.","og_url":"https:\/\/labonbonniere.ch\/en\/contact-and-maps\/","og_site_name":"La Bonbonni\u00e8re Chocolaterie Gen\u00e8ve","article_publisher":"https:\/\/www.facebook.com\/labonbonniere.ch\/?ref=br_rs","article_modified_time":"2025-03-12T15:59:43+00:00","twitter_card":"summary_large_image","twitter_site":"@LaBonbonniereCh","twitter_misc":{"Est. reading time":"5 minutes"},"schema":{"@context":"https:\/\/schema.org","@graph":[{"@type":"WebPage","@id":"https:\/\/labonbonniere.ch\/en\/contact-and-maps\/","url":"https:\/\/labonbonniere.ch\/en\/contact-and-maps\/","name":"Contact and maps - La Bonbonni\u00e8re Chocolaterie Geneva","isPartOf":{"@id":"https:\/\/labonbonniere.ch\/#website"},"datePublished":"2024-02-20T12:46:44+00:00","dateModified":"2025-03-12T15:59:43+00:00","description":"A Geneva institution, La Bonbonni\u00e8re chocolaterie welcomes you to its Bar \u00e0 Chocolat for a moment of relaxation, a tasting session or to buy quality handmade Swiss chocolate.","breadcrumb":{"@id":"https:\/\/labonbonniere.ch\/en\/contact-and-maps\/#breadcrumb"},"inLanguage":"en-US","potentialAction":[{"@type":"ReadAction","target":["https:\/\/labonbonniere.ch\/en\/contact-and-maps\/"]}]},{"@type":"BreadcrumbList","@id":"https:\/\/labonbonniere.ch\/en\/contact-and-maps\/#breadcrumb","itemListElement":[{"@type":"ListItem","position":1,"name":"Accueil","item":"https:\/\/labonbonniere.ch\/en\/"},{"@type":"ListItem","position":2,"name":"Contact and maps"}]},{"@type":"WebSite","@id":"https:\/\/labonbonniere.ch\/#website","url":"https:\/\/labonbonniere.ch\/","name":"La Bonbonni\u00e8re Chocolaterie Gen\u00e8ve","description":"Chocolaterie Artisanale \u00e0 Gen\u00e8ve et Ecole du Chocolat","publisher":{"@id":"https:\/\/labonbonniere.ch\/#organization"},"potentialAction":[{"@type":"SearchAction","target":{"@type":"EntryPoint","urlTemplate":"https:\/\/labonbonniere.ch\/?s={search_term_string}"},"query-input":{"@type":"PropertyValueSpecification","valueRequired":true,"valueName":"search_term_string"}}],"inLanguage":"en-US"},{"@type":"Organization","@id":"https:\/\/labonbonniere.ch\/#organization","name":"La Bonbonni\u00e8re Chocolaterie Gen\u00e8ve","url":"https:\/\/labonbonniere.ch\/","logo":{"@type":"ImageObject","inLanguage":"en-US","@id":"https:\/\/labonbonniere.ch\/#\/schema\/logo\/image\/","url":"https:\/\/labonbonniere.ch\/wp-content\/uploads\/2018\/03\/logo-bonbonniere-web-orange-1.png","contentUrl":"https:\/\/labonbonniere.ch\/wp-content\/uploads\/2018\/03\/logo-bonbonniere-web-orange-1.png","width":1033,"height":454,"caption":"La Bonbonni\u00e8re Chocolaterie Gen\u00e8ve"},"image":{"@id":"https:\/\/labonbonniere.ch\/#\/schema\/logo\/image\/"},"sameAs":["https:\/\/www.facebook.com\/labonbonniere.ch\/?ref=br_rs","https:\/\/x.com\/LaBonbonniereCh","https:\/\/www.instagram.com\/labonbonniere.ch\/","https:\/\/www.linkedin.com\/company\/la-bonbonniere"]}]}},"_links":{"self":[{"href":"https:\/\/labonbonniere.ch\/en\/wp-json\/wp\/v2\/pages\/3027","targetHints":{"allow":["GET"]}}],"collection":[{"href":"https:\/\/labonbonniere.ch\/en\/wp-json\/wp\/v2\/pages"}],"about":[{"href":"https:\/\/labonbonniere.ch\/en\/wp-json\/wp\/v2\/types\/page"}],"author":[{"embeddable":true,"href":"https:\/\/labonbonniere.ch\/en\/wp-json\/wp\/v2\/users\/1"}],"replies":[{"embeddable":true,"href":"https:\/\/labonbonniere.ch\/en\/wp-json\/wp\/v2\/comments?post=3027"}],"version-history":[{"count":11,"href":"https:\/\/labonbonniere.ch\/en\/wp-json\/wp\/v2\/pages\/3027\/revisions"}],"predecessor-version":[{"id":3593,"href":"https:\/\/labonbonniere.ch\/en\/wp-json\/wp\/v2\/pages\/3027\/revisions\/3593"}],"wp:attachment":[{"href":"https:\/\/labonbonniere.ch\/en\/wp-json\/wp\/v2\/media?parent=3027"}],"curies":[{"name":"wp","href":"https:\/\/api.w.org\/{rel}","templated":true}]}}