{"id":3013,"date":"2024-02-20T13:29:13","date_gmt":"2024-02-20T12:29:13","guid":{"rendered":"https:\/\/labonbonniere.ch\/bar-a-chocolat\/"},"modified":"2024-12-18T19:15:17","modified_gmt":"2024-12-18T18:15:17","slug":"bar-a-chocolat","status":"publish","type":"page","link":"https:\/\/labonbonniere.ch\/en\/bar-a-chocolat\/","title":{"rendered":"Bars \u00e0 Chocolat"},"content":{"rendered":"<div class=\"wpb-content-wrapper\">[vc_row visibility=&#8221;hidden-sm&#8221;][vc_column][mk_padding_divider size=&#8221;20&#8243;][\/vc_column][\/vc_row][mk_page_section bg_image=&#8221;https:\/\/labonbonniere.ch\/wp-content\/uploads\/2018\/10\/bar-chocolat-back-light-2.jpg&#8221; bg_position=&#8221;right center&#8221; bg_repeat=&#8221;no-repeat&#8221; bg_stretch=&#8221;true&#8221; video_color_mask=&#8221;#000000&#8243; video_opacity=&#8221;0.3&#8243; min_height=&#8221;400&#8243; sidebar=&#8221;sidebar-1&#8243;][vc_column][vc_row_inner][vc_column_inner width=&#8221;1\/6&#8243; alignment=&#8221;center&#8221;][\/vc_column_inner][vc_column_inner width=&#8221;2\/3&#8243;][mk_padding_divider size=&#8221;120&#8243;][mk_fancy_title color=&#8221;#ffffff&#8221; size=&#8221;36&#8243; margin_bottom=&#8221;10&#8243; font_family=&#8221;Kalam&#8221; font_type=&#8221;google&#8221; align=&#8221;center&#8221; el_class=&#8221;sub-title-shadow-1 titre-kalam&#8221;]Bars \u00e0 Chocolat[\/mk_fancy_title][mk_fancy_title color=&#8221;#ffffff&#8221; size=&#8221;26&#8243; font_weight=&#8221;bold&#8221; txt_transform=&#8221;uppercase&#8221; margin_bottom=&#8221;0&#8243; font_family=&#8221;none&#8221; align=&#8221;center&#8221; el_class=&#8221;margin-top-min-15 sub-title-shadow-1&#8243;]The best hot chocolate in Geneva[\/mk_fancy_title][mk_divider style=&#8221;thin_solid&#8221; divider_width=&#8221;custom_width&#8221; custom_width=&#8221;100&#8243; thin_single_color=&#8221;#e37a40&#8243; thickness=&#8221;5&#8243;][vc_column_text align=&#8221;center&#8221; el_class=&#8221;text-shadow-1&#8243; css=&#8221;.vc_custom_1531232380797{margin-bottom: 0px !important;}&#8221;]<span style=\"font-weight: 400; color: #ffffff;\">Get yourself comfortable in our &#8220;chocooning&#8221; place and take off an extraordinary taste destination.<\/span>[\/vc_column_text][\/vc_column_inner][vc_column_inner width=&#8221;1\/6&#8243;][\/vc_column_inner][\/vc_row_inner][vc_row_inner][vc_column_inner width=&#8221;1\/6&#8243;][\/vc_column_inner][vc_column_inner width=&#8221;2\/3&#8243;][mk_padding_divider size=&#8221;30&#8243;][\/vc_column_inner][vc_column_inner width=&#8221;1\/6&#8243;][\/vc_column_inner][\/vc_row_inner][mk_padding_divider][\/vc_column][\/mk_page_section][mk_page_section bg_stretch=&#8221;true&#8221; video_opacity=&#8221;0&#8243; sidebar=&#8221;sidebar-1&#8243;][vc_column][vc_row_inner][vc_column_inner width=&#8221;1\/2&#8243; css=&#8221;.vc_custom_1708337112838{padding-right: 60px !important;padding-left: 60px !important;}&#8221;][mk_padding_divider size=&#8221;60&#8243;][mk_image src=&#8221;https:\/\/labonbonniere.ch\/wp-content\/uploads\/2024\/02\/teatime_2022_bwebb.jpg&#8221; image_size=&#8221;large&#8221; align=&#8221;center&#8221; el_class=&#8221;chocolat-chaud-img&#8221;][mk_padding_divider size=&#8221;70&#8243;][\/vc_column_inner][vc_column_inner width=&#8221;1\/2&#8243;][mk_padding_divider size=&#8221;60&#8243; visibility=&#8221;hidden-sm&#8221;][mk_fancy_title color=&#8221;#e37a40&#8243; size=&#8221;31&#8243; margin_bottom=&#8221;15&#8243; font_family=&#8221;none&#8221; el_class=&#8221;titre-kalam&#8221;]An unforgettable[\/mk_fancy_title][mk_fancy_title color=&#8221;#453636&#8243; size=&#8221;24&#8243; font_weight=&#8221;bold&#8221; txt_transform=&#8221;uppercase&#8221; margin_bottom=&#8221;0&#8243; font_family=&#8221;none&#8221; el_class=&#8221;margin-top-min-15&#8243;]Chocolate Trip[\/mk_fancy_title][mk_padding_divider size=&#8221;60&#8243; visibility=&#8221;visible-sm&#8221;][mk_divider style=&#8221;thin_solid&#8221; divider_width=&#8221;custom_width&#8221; custom_width=&#8221;100&#8243; align=&#8221;left&#8221; thin_single_color=&#8221;#e37a40&#8243; thickness=&#8221;5&#8243; margin_top=&#8221;10&#8243; visibility=&#8221;hidden-sm&#8221;][vc_column_text css=&#8221;.vc_custom_1531232046796{margin-bottom: 0px !important;}&#8221;]<span style=\"font-weight: 400;\">Our chocolate makers have selected and created for you tasty hot and cold chocolates Grand Crus from pure origins to alcoholic, gourmand and vegan. Madagascar, Bolivia or Peru, allow yourself to enjoy a gourmet interlude of distant flavors. <\/span><\/p>\n<p><span style=\"font-weight: 400;\">Softness, character or harmony, rather fruity, spicy or bitter, our wide range of hot chocolates will offer unique sensory experiences to the most curious and will make the most classic appreciate the subtlety of a homemade chocolate.<\/span><\/p>\n<p><span style=\"font-weight: 400;\">It\u2019s a real trip to the lips accompanied by tasting a traditional Swiss chocolates or delicious pastries.<\/span>[\/vc_column_text][mk_padding_divider size=&#8221;29&#8243;][\/vc_column_inner][\/vc_row_inner][\/vc_column][\/mk_page_section][vc_row][vc_column][vc_row_inner][vc_column_inner width=&#8221;1\/6&#8243;][mk_padding_divider size=&#8221;60&#8243;][mk_padding_divider size=&#8221;70&#8243;][mk_padding_divider size=&#8221;60&#8243; visibility=&#8221;hidden-sm&#8221;][mk_padding_divider size=&#8221;60&#8243; visibility=&#8221;visible-sm&#8221;][mk_padding_divider size=&#8221;70&#8243;][\/vc_column_inner][vc_column_inner width=&#8221;2\/3&#8243;][mk_fancy_title color=&#8221;#453636&#8243; size=&#8221;24&#8243; font_weight=&#8221;bold&#8221; txt_transform=&#8221;uppercase&#8221; margin_bottom=&#8221;0&#8243; font_family=&#8221;none&#8221; el_class=&#8221;margin-top-min-15&#8243;]Our hot chocolate Grand Cru[\/mk_fancy_title][mk_fancy_title color=&#8221;#e37a40&#8243; size=&#8221;31&#8243; margin_bottom=&#8221;15&#8243; font_family=&#8221;none&#8221; el_class=&#8221;titre-kalam&#8221;]\n<p id=\"choco\">Handmade Menu<\/p>\n[\/mk_fancy_title][mk_divider style=&#8221;thin_solid&#8221; divider_width=&#8221;custom_width&#8221; custom_width=&#8221;100&#8243; align=&#8221;left&#8221; thin_single_color=&#8221;#e37a40&#8243; thickness=&#8221;5&#8243; margin_top=&#8221;10&#8243; visibility=&#8221;hidden-sm&#8221;][mk_image src=&#8221;https:\/\/labonbonniere.ch\/wp-content\/uploads\/2024\/06\/page_chocolatchaud_geneve_2024_2-scaled.jpg&#8221; image_size=&#8221;full&#8221; link=&#8221;https:\/\/labonbonniere.ch\/wp-content\/uploads\/2024\/06\/page_chocolatchaud_geneve_2024.jpg&#8221; align=&#8221;center&#8221; margin_bottom=&#8221;5&#8243; el_class=&#8221;chocolat-chaud-img&#8221;][mk_padding_divider size=&#8221;70&#8243;][\/vc_column_inner][vc_column_inner width=&#8221;1\/6&#8243;][\/vc_column_inner][\/vc_row_inner][mk_divider style=&#8221;thin_solid&#8221; thin_single_color=&#8221;#efcbba&#8221; thickness=&#8221;2&#8243; margin_top=&#8221;0&#8243; margin_bottom=&#8221;0&#8243;][\/vc_column][\/vc_row][mk_page_section bg_stretch=&#8221;true&#8221; video_opacity=&#8221;0&#8243; sidebar=&#8221;sidebar-1&#8243;][vc_column][vc_row_inner][vc_column_inner width=&#8221;1\/2&#8243;][mk_padding_divider size=&#8221;60&#8243;][mk_fancy_title color=&#8221;#e37a40&#8243; size=&#8221;31&#8243; margin_bottom=&#8221;15&#8243; font_family=&#8221;none&#8221; el_class=&#8221;titre-kalam&#8221;]Mariages Fr\u00e8res[\/mk_fancy_title][mk_fancy_title color=&#8221;#453636&#8243; size=&#8221;24&#8243; font_weight=&#8221;bold&#8221; txt_transform=&#8221;uppercase&#8221; margin_bottom=&#8221;0&#8243; font_family=&#8221;none&#8221; el_class=&#8221;margin-top-min-15&#8243;]a tea of excellence[\/mk_fancy_title][mk_divider style=&#8221;thin_solid&#8221; divider_width=&#8221;custom_width&#8221; custom_width=&#8221;100&#8243; align=&#8221;left&#8221; thin_single_color=&#8221;#e37a40&#8243; thickness=&#8221;5&#8243; margin_top=&#8221;10&#8243; visibility=&#8221;hidden-sm&#8221;][mk_padding_divider size=&#8221;60&#8243; visibility=&#8221;visible-sm&#8221;][vc_column_text css=&#8221;.vc_custom_1531232069841{margin-bottom: 0px !important;}&#8221;]<span style=\"font-weight: 400;\">Since 1984, Mariages Fr\u00e8res tea bags\u00ae reflect excellence in taste, quality, elegance and refinement.<\/span><\/p>\n<p><span style=\"font-weight: 400;\">The entire leaves, of the best origin, are wrapped in fine cotton muslin that allows the biggest teas to spread their subtle aromas easily.<\/span><\/p>\n<p><span style=\"font-weight: 400;\">Darjeeling Himalaya, Fuji-Yama Green Tea or Earl Grey Imperial, between oriental rendezvous and admiration for sensuality, for the tea lovers the choice will be Cornelian.<\/span>[\/vc_column_text][mk_padding_divider size=&#8221;70&#8243;][\/vc_column_inner][vc_column_inner width=&#8221;1\/2&#8243;][mk_padding_divider size=&#8221;60&#8243; visibility=&#8221;hidden-sm&#8221;][mk_image src=&#8221;https:\/\/labonbonniere.ch\/wp-content\/uploads\/2018\/07\/mariage-freres-img.jpg&#8221; image_size=&#8221;full&#8221; align=&#8221;center&#8221; el_class=&#8221;chocolat-chaud-img&#8221;][mk_padding_divider size=&#8221;70&#8243;][\/vc_column_inner][\/vc_row_inner][\/vc_column][\/mk_page_section][vc_row][vc_column][mk_divider style=&#8221;thin_solid&#8221; thin_single_color=&#8221;#efcbba&#8221; thickness=&#8221;2&#8243; margin_top=&#8221;0&#8243; margin_bottom=&#8221;0&#8243;][\/vc_column][\/vc_row][mk_page_section bg_stretch=&#8221;true&#8221; video_opacity=&#8221;0&#8243; sidebar=&#8221;sidebar-1&#8243;][vc_column][vc_row_inner][vc_column_inner width=&#8221;1\/2&#8243;][mk_padding_divider size=&#8221;39&#8243;][mk_image src=&#8221;https:\/\/labonbonniere.ch\/wp-content\/uploads\/2024\/06\/fondue_chocolat_site2.jpg&#8221; image_size=&#8221;full&#8221; align=&#8221;center&#8221; el_class=&#8221;chocolat-chaud-img&#8221;][mk_padding_divider size=&#8221;23&#8243;][\/vc_column_inner][vc_column_inner width=&#8221;1\/2&#8243;][mk_padding_divider size=&#8221;60&#8243; visibility=&#8221;hidden-sm&#8221;][mk_fancy_title color=&#8221;#e37a40&#8243; size=&#8221;31&#8243; margin_bottom=&#8221;15&#8243; font_family=&#8221;none&#8221; el_class=&#8221;titre-kalam&#8221;]Taste and freshness<\/p>\n<p>&nbsp;[\/mk_fancy_title][mk_fancy_title color=&#8221;#453636&#8243; size=&#8221;24&#8243; font_weight=&#8221;bold&#8221; txt_transform=&#8221;uppercase&#8221; margin_bottom=&#8221;0&#8243; font_family=&#8221;none&#8221; el_class=&#8221;margin-top-min-15&#8243;]at La Bonbonni\u00e8re[\/mk_fancy_title][mk_padding_divider size=&#8221;60&#8243; visibility=&#8221;visible-sm&#8221;][mk_divider style=&#8221;thin_solid&#8221; divider_width=&#8221;custom_width&#8221; custom_width=&#8221;100&#8243; align=&#8221;left&#8221; thin_single_color=&#8221;#e37a40&#8243; thickness=&#8221;5&#8243; margin_top=&#8221;10&#8243; visibility=&#8221;hidden-sm&#8221;][vc_column_text visibility=&#8221;hidden-sm&#8221; css=&#8221;.vc_custom_1554281728036{margin-bottom: 0px !important;}&#8221;]<span style=\"font-weight: 400;\">In order to satisfy all tastes in all seasons we also offer service on site or to take away :<\/span><\/p>\n<p><span style=\"font-weight: 400;\">&#8211; Fresh fruit juices or homemade <span style=\"color: #e37a40;\">juices<\/span><\/span><\/p>\n<p><span style=\"font-weight: 400;\">&#8211; Ice creams and <span style=\"color: #e37a40;\">sorbets<\/span><\/span><\/p>\n<p><span style=\"font-weight: 400;\">&#8211; Chocolate <span style=\"color: #e37a40;\">fondue<\/span><\/span><\/p>\n<p><span style=\"font-weight: 400;\">&#8211;<span style=\"color: #e37a40;\">Delicious<\/span> pastries<\/span> <a href=\"https:\/\/labonbonniere.ch\/en\/pastry-shops-in-geneva\/\"><span class=\"patisserie-link\">Discover<\/span><\/a><\/p>\n<p><span style=\"font-weight: 400;\">&#8211; <span style=\"color: #e37a40;\">The<\/span> classics one: coffee, beer, champagne&#8230;<\/span><\/p>\n<p><span style=\"font-weight: 400;\">and other surprises that wait to be discovered on site.<\/span>[\/vc_column_text][vc_column_text visibility=&#8221;visible-sm&#8221; css=&#8221;.vc_custom_1554281788549{margin-bottom: 0px !important;}&#8221;]<span style=\"font-weight: 400;\">In order to satisfy all tastes in all seasons we also offer service on site or to take away :<\/span><\/p>\n<p><span style=\"font-weight: 400;\">&#8211; Fresh fruit juices or homemade <span style=\"color: #e37a40;\">juices<\/span><\/span><\/p>\n<p><span style=\"font-weight: 400;\">&#8211; Ice creams and <span style=\"color: #e37a40;\">sorbets<\/span><\/span><\/p>\n<p><span style=\"font-weight: 400;\">&#8211; Chocolate <span style=\"color: #e37a40;\">fondue<\/span><\/span><\/p>\n<p><span style=\"font-weight: 400;\">&#8211;<span style=\"color: #e37a40;\">Delicious<\/span> pastries<\/span> <a href=\"https:\/\/labonbonniere.ch\/en\/pastry-shops-in-geneva\/\"><span class=\"patisserie-link-mobile\">Discover<\/span><\/a><\/p>\n<p><span style=\"font-weight: 400;\">&#8211; <span style=\"color: #e37a40;\">The<\/span> classics one: coffee, beer, champagne&#8230;<\/span><\/p>\n<p><span style=\"font-weight: 400;\">and other surprises that wait to be discovered on site.<\/span>[\/vc_column_text][\/vc_column_inner][\/vc_row_inner][mk_padding_divider size=&#8221;36&#8243;][mk_button dimension=&#8221;flat&#8221; corner_style=&#8221;rounded&#8221; size=&#8221;large&#8221; url=&#8221;https:\/\/labonbonniere.ch\/patisserie-chocolaterie-geneve\/&#8221; align=&#8221;center&#8221; margin_right=&#8221;0&#8243; bg_color=&#8221;#e27b41&#8243; btn_hover_bg=&#8221;#d2703c&#8221; btn_hover_txt_color=&#8221;#ffffff&#8221;]How to find us[\/mk_button][mk_button dimension=&#8221;flat&#8221; corner_style=&#8221;rounded&#8221; size=&#8221;large&#8221; url=&#8221;https:\/\/labonbonniere.ch\/wp-content\/uploads\/2024\/06\/carte_fatio_barachoc_mai2024_ete.pdf&#8221; target=&#8221;_blank&#8221; align=&#8221;center&#8221; margin_right=&#8221;0&#8243; bg_color=&#8221;#e27b41&#8243; btn_hover_bg=&#8221;#d2703c&#8221; btn_hover_txt_color=&#8221;#ffffff&#8221;]See the map of our Bar \u00e0 Chocolat\/Tea Rooms[\/mk_button][mk_padding_divider][\/vc_column][\/mk_page_section][vc_row][vc_column][vc_raw_html]PGEgaHJlZj0iaHR0cHM6Ly9lbi5sYWJvbmJvbm5pZXJlLmNoL2Nob2NvbGF0ZS1iYXIvIj48ZGl2IGlkPSJlbmdsaXNoLWJvdHRvbSI+IDxpbWcgc3JjPSJodHRwczovL2xhYm9uYm9ubmllcmUuY2gvd3AtY29udGVudC91cGxvYWRzLzIwMTgvMTIvdW5pdGVkLWtpbmdkb20ucG5nIj4KVmVyc2lvbiBmcmFuw6dhaXNlPC9kaXY+PC9hPgo=[\/vc_raw_html][\/vc_column][\/vc_row]\n<\/div>","protected":false},"excerpt":{"rendered":"<p>[vc_row visibility=&#8221;hidden-sm&#8221;][vc_column][mk_padding_divider size=&#8221;20&#8243;][\/vc_column][\/vc_row][mk_page_section bg_image=&#8221;https:\/\/labonbonniere.ch\/wp-content\/uploads\/2018\/10\/bar-chocolat-back-light-2.jpg&#8221; bg_position=&#8221;right center&#8221; bg_repeat=&#8221;no-repeat&#8221; bg_stretch=&#8221;true&#8221; video_color_mask=&#8221;#000000&#8243; video_opacity=&#8221;0.3&#8243; min_height=&#8221;400&#8243; sidebar=&#8221;sidebar-1&#8243;][vc_column][vc_row_inner][vc_column_inner width=&#8221;1\/6&#8243; alignment=&#8221;center&#8221;][\/vc_column_inner][vc_column_inner width=&#8221;2\/3&#8243;][mk_padding_divider size=&#8221;120&#8243;][mk_fancy_title color=&#8221;#ffffff&#8221; size=&#8221;36&#8243; margin_bottom=&#8221;10&#8243; font_family=&#8221;Kalam&#8221; font_type=&#8221;google&#8221; align=&#8221;center&#8221; el_class=&#8221;sub-title-shadow-1 titre-kalam&#8221;]Bars \u00e0 Chocolat[\/mk_fancy_title][mk_fancy_title color=&#8221;#ffffff&#8221; size=&#8221;26&#8243; font_weight=&#8221;bold&#8221; txt_transform=&#8221;uppercase&#8221; margin_bottom=&#8221;0&#8243; font_family=&#8221;none&#8221; align=&#8221;center&#8221; el_class=&#8221;margin-top-min-15 sub-title-shadow-1&#8243;]The best hot chocolate in Geneva[\/mk_fancy_title][mk_divider style=&#8221;thin_solid&#8221; divider_width=&#8221;custom_width&#8221; custom_width=&#8221;100&#8243; thin_single_color=&#8221;#e37a40&#8243; thickness=&#8221;5&#8243;][vc_column_text align=&#8221;center&#8221; el_class=&#8221;text-shadow-1&#8243; css=&#8221;.vc_custom_1531232380797{margin-bottom: 0px !important;}&#8221;]Get yourself comfortable in our &#8220;chocooning&#8221;<\/p>\n","protected":false},"author":1,"featured_media":0,"parent":0,"menu_order":0,"comment_status":"closed","ping_status":"closed","template":"","meta":{"footnotes":""},"class_list":["post-3013","page","type-page","status-publish","hentry"],"yoast_head":"<!-- This site is optimized with the Yoast SEO plugin v26.4 - https:\/\/yoast.com\/wordpress\/plugins\/seo\/ -->\n<title>Bars \u00e0 Chocolat: More than 30 hot chocolates - La Bonbonni\u00e8re Chocolaterie Gen\u00e8ve.<\/title>\n<meta name=\"description\" content=\"A unique concept of Bar \u00e0 Chocolat\/Tea Room in Geneva! Enjoy exceptional hot chocolates, pastries and chocolate in Geneva city center. Relax and enjoy a vegan, gourmet or alcoholic hot chocolate accompanied by a pastry.\" \/>\n<meta name=\"robots\" content=\"index, follow, max-snippet:-1, max-image-preview:large, max-video-preview:-1\" \/>\n<link rel=\"canonical\" href=\"https:\/\/labonbonniere.ch\/en\/bar-a-chocolat\/\" \/>\n<meta property=\"og:locale\" content=\"en_US\" \/>\n<meta property=\"og:type\" content=\"article\" \/>\n<meta property=\"og:title\" content=\"Bars \u00e0 Chocolat: More than 30 hot chocolates - La Bonbonni\u00e8re Chocolaterie Gen\u00e8ve.\" \/>\n<meta property=\"og:description\" content=\"A unique concept of Bar \u00e0 Chocolat\/Tea Room in Geneva! Enjoy exceptional hot chocolates, pastries and chocolate in Geneva city center. Relax and enjoy a vegan, gourmet or alcoholic hot chocolate accompanied by a pastry.\" \/>\n<meta property=\"og:url\" content=\"https:\/\/labonbonniere.ch\/en\/bar-a-chocolat\/\" \/>\n<meta property=\"og:site_name\" content=\"La Bonbonni\u00e8re Chocolaterie Gen\u00e8ve\" \/>\n<meta property=\"article:publisher\" content=\"https:\/\/www.facebook.com\/labonbonniere.ch\/?ref=br_rs\" \/>\n<meta property=\"article:modified_time\" content=\"2024-12-18T18:15:17+00:00\" \/>\n<meta name=\"twitter:card\" content=\"summary_large_image\" \/>\n<meta name=\"twitter:site\" content=\"@LaBonbonniereCh\" \/>\n<meta name=\"twitter:label1\" content=\"Est. reading time\" \/>\n\t<meta name=\"twitter:data1\" content=\"7 minutes\" \/>\n<script type=\"application\/ld+json\" class=\"yoast-schema-graph\">{\"@context\":\"https:\/\/schema.org\",\"@graph\":[{\"@type\":\"WebPage\",\"@id\":\"https:\/\/labonbonniere.ch\/en\/bar-a-chocolat\/\",\"url\":\"https:\/\/labonbonniere.ch\/en\/bar-a-chocolat\/\",\"name\":\"Bars \u00e0 Chocolat: More than 30 hot chocolates - La Bonbonni\u00e8re Chocolaterie Gen\u00e8ve.\",\"isPartOf\":{\"@id\":\"https:\/\/labonbonniere.ch\/#website\"},\"datePublished\":\"2024-02-20T12:29:13+00:00\",\"dateModified\":\"2024-12-18T18:15:17+00:00\",\"description\":\"A unique concept of Bar \u00e0 Chocolat\/Tea Room in Geneva! Enjoy exceptional hot chocolates, pastries and chocolate in Geneva city center. Relax and enjoy a vegan, gourmet or alcoholic hot chocolate accompanied by a pastry.\",\"breadcrumb\":{\"@id\":\"https:\/\/labonbonniere.ch\/en\/bar-a-chocolat\/#breadcrumb\"},\"inLanguage\":\"en-US\",\"potentialAction\":[{\"@type\":\"ReadAction\",\"target\":[\"https:\/\/labonbonniere.ch\/en\/bar-a-chocolat\/\"]}]},{\"@type\":\"BreadcrumbList\",\"@id\":\"https:\/\/labonbonniere.ch\/en\/bar-a-chocolat\/#breadcrumb\",\"itemListElement\":[{\"@type\":\"ListItem\",\"position\":1,\"name\":\"Accueil\",\"item\":\"https:\/\/labonbonniere.ch\/en\/\"},{\"@type\":\"ListItem\",\"position\":2,\"name\":\"Bars \u00e0 Chocolat\"}]},{\"@type\":\"WebSite\",\"@id\":\"https:\/\/labonbonniere.ch\/#website\",\"url\":\"https:\/\/labonbonniere.ch\/\",\"name\":\"La Bonbonni\u00e8re Chocolaterie Gen\u00e8ve\",\"description\":\"Chocolaterie Artisanale \u00e0 Gen\u00e8ve et Ecole du Chocolat\",\"publisher\":{\"@id\":\"https:\/\/labonbonniere.ch\/#organization\"},\"potentialAction\":[{\"@type\":\"SearchAction\",\"target\":{\"@type\":\"EntryPoint\",\"urlTemplate\":\"https:\/\/labonbonniere.ch\/?s={search_term_string}\"},\"query-input\":{\"@type\":\"PropertyValueSpecification\",\"valueRequired\":true,\"valueName\":\"search_term_string\"}}],\"inLanguage\":\"en-US\"},{\"@type\":\"Organization\",\"@id\":\"https:\/\/labonbonniere.ch\/#organization\",\"name\":\"La Bonbonni\u00e8re Chocolaterie Gen\u00e8ve\",\"url\":\"https:\/\/labonbonniere.ch\/\",\"logo\":{\"@type\":\"ImageObject\",\"inLanguage\":\"en-US\",\"@id\":\"https:\/\/labonbonniere.ch\/#\/schema\/logo\/image\/\",\"url\":\"https:\/\/labonbonniere.ch\/wp-content\/uploads\/2018\/03\/logo-bonbonniere-web-orange-1.png\",\"contentUrl\":\"https:\/\/labonbonniere.ch\/wp-content\/uploads\/2018\/03\/logo-bonbonniere-web-orange-1.png\",\"width\":1033,\"height\":454,\"caption\":\"La Bonbonni\u00e8re Chocolaterie Gen\u00e8ve\"},\"image\":{\"@id\":\"https:\/\/labonbonniere.ch\/#\/schema\/logo\/image\/\"},\"sameAs\":[\"https:\/\/www.facebook.com\/labonbonniere.ch\/?ref=br_rs\",\"https:\/\/x.com\/LaBonbonniereCh\",\"https:\/\/www.instagram.com\/labonbonniere.ch\/\",\"https:\/\/www.linkedin.com\/company\/la-bonbonniere\"]}]}<\/script>\n<!-- \/ Yoast SEO plugin. -->","yoast_head_json":{"title":"Bars \u00e0 Chocolat: More than 30 hot chocolates - La Bonbonni\u00e8re Chocolaterie Gen\u00e8ve.","description":"A unique concept of Bar \u00e0 Chocolat\/Tea Room in Geneva! Enjoy exceptional hot chocolates, pastries and chocolate in Geneva city center. Relax and enjoy a vegan, gourmet or alcoholic hot chocolate accompanied by a pastry.","robots":{"index":"index","follow":"follow","max-snippet":"max-snippet:-1","max-image-preview":"max-image-preview:large","max-video-preview":"max-video-preview:-1"},"canonical":"https:\/\/labonbonniere.ch\/en\/bar-a-chocolat\/","og_locale":"en_US","og_type":"article","og_title":"Bars \u00e0 Chocolat: More than 30 hot chocolates - La Bonbonni\u00e8re Chocolaterie Gen\u00e8ve.","og_description":"A unique concept of Bar \u00e0 Chocolat\/Tea Room in Geneva! Enjoy exceptional hot chocolates, pastries and chocolate in Geneva city center. Relax and enjoy a vegan, gourmet or alcoholic hot chocolate accompanied by a pastry.","og_url":"https:\/\/labonbonniere.ch\/en\/bar-a-chocolat\/","og_site_name":"La Bonbonni\u00e8re Chocolaterie Gen\u00e8ve","article_publisher":"https:\/\/www.facebook.com\/labonbonniere.ch\/?ref=br_rs","article_modified_time":"2024-12-18T18:15:17+00:00","twitter_card":"summary_large_image","twitter_site":"@LaBonbonniereCh","twitter_misc":{"Est. reading time":"7 minutes"},"schema":{"@context":"https:\/\/schema.org","@graph":[{"@type":"WebPage","@id":"https:\/\/labonbonniere.ch\/en\/bar-a-chocolat\/","url":"https:\/\/labonbonniere.ch\/en\/bar-a-chocolat\/","name":"Bars \u00e0 Chocolat: More than 30 hot chocolates - La Bonbonni\u00e8re Chocolaterie Gen\u00e8ve.","isPartOf":{"@id":"https:\/\/labonbonniere.ch\/#website"},"datePublished":"2024-02-20T12:29:13+00:00","dateModified":"2024-12-18T18:15:17+00:00","description":"A unique concept of Bar \u00e0 Chocolat\/Tea Room in Geneva! Enjoy exceptional hot chocolates, pastries and chocolate in Geneva city center. Relax and enjoy a vegan, gourmet or alcoholic hot chocolate accompanied by a pastry.","breadcrumb":{"@id":"https:\/\/labonbonniere.ch\/en\/bar-a-chocolat\/#breadcrumb"},"inLanguage":"en-US","potentialAction":[{"@type":"ReadAction","target":["https:\/\/labonbonniere.ch\/en\/bar-a-chocolat\/"]}]},{"@type":"BreadcrumbList","@id":"https:\/\/labonbonniere.ch\/en\/bar-a-chocolat\/#breadcrumb","itemListElement":[{"@type":"ListItem","position":1,"name":"Accueil","item":"https:\/\/labonbonniere.ch\/en\/"},{"@type":"ListItem","position":2,"name":"Bars \u00e0 Chocolat"}]},{"@type":"WebSite","@id":"https:\/\/labonbonniere.ch\/#website","url":"https:\/\/labonbonniere.ch\/","name":"La Bonbonni\u00e8re Chocolaterie Gen\u00e8ve","description":"Chocolaterie Artisanale \u00e0 Gen\u00e8ve et Ecole du Chocolat","publisher":{"@id":"https:\/\/labonbonniere.ch\/#organization"},"potentialAction":[{"@type":"SearchAction","target":{"@type":"EntryPoint","urlTemplate":"https:\/\/labonbonniere.ch\/?s={search_term_string}"},"query-input":{"@type":"PropertyValueSpecification","valueRequired":true,"valueName":"search_term_string"}}],"inLanguage":"en-US"},{"@type":"Organization","@id":"https:\/\/labonbonniere.ch\/#organization","name":"La Bonbonni\u00e8re Chocolaterie Gen\u00e8ve","url":"https:\/\/labonbonniere.ch\/","logo":{"@type":"ImageObject","inLanguage":"en-US","@id":"https:\/\/labonbonniere.ch\/#\/schema\/logo\/image\/","url":"https:\/\/labonbonniere.ch\/wp-content\/uploads\/2018\/03\/logo-bonbonniere-web-orange-1.png","contentUrl":"https:\/\/labonbonniere.ch\/wp-content\/uploads\/2018\/03\/logo-bonbonniere-web-orange-1.png","width":1033,"height":454,"caption":"La Bonbonni\u00e8re Chocolaterie Gen\u00e8ve"},"image":{"@id":"https:\/\/labonbonniere.ch\/#\/schema\/logo\/image\/"},"sameAs":["https:\/\/www.facebook.com\/labonbonniere.ch\/?ref=br_rs","https:\/\/x.com\/LaBonbonniereCh","https:\/\/www.instagram.com\/labonbonniere.ch\/","https:\/\/www.linkedin.com\/company\/la-bonbonniere"]}]}},"_links":{"self":[{"href":"https:\/\/labonbonniere.ch\/en\/wp-json\/wp\/v2\/pages\/3013","targetHints":{"allow":["GET"]}}],"collection":[{"href":"https:\/\/labonbonniere.ch\/en\/wp-json\/wp\/v2\/pages"}],"about":[{"href":"https:\/\/labonbonniere.ch\/en\/wp-json\/wp\/v2\/types\/page"}],"author":[{"embeddable":true,"href":"https:\/\/labonbonniere.ch\/en\/wp-json\/wp\/v2\/users\/1"}],"replies":[{"embeddable":true,"href":"https:\/\/labonbonniere.ch\/en\/wp-json\/wp\/v2\/comments?post=3013"}],"version-history":[{"count":15,"href":"https:\/\/labonbonniere.ch\/en\/wp-json\/wp\/v2\/pages\/3013\/revisions"}],"predecessor-version":[{"id":3512,"href":"https:\/\/labonbonniere.ch\/en\/wp-json\/wp\/v2\/pages\/3013\/revisions\/3512"}],"wp:attachment":[{"href":"https:\/\/labonbonniere.ch\/en\/wp-json\/wp\/v2\/media?parent=3013"}],"curies":[{"name":"wp","href":"https:\/\/api.w.org\/{rel}","templated":true}]}}