{"id":2989,"date":"2024-02-19T12:18:35","date_gmt":"2024-02-19T11:18:35","guid":{"rendered":"https:\/\/labonbonniere.ch\/?page_id=2989"},"modified":"2024-03-12T15:39:54","modified_gmt":"2024-03-12T14:39:54","slug":"personalized-chocolate","status":"publish","type":"page","link":"https:\/\/labonbonniere.ch\/en\/personalized-chocolate\/","title":{"rendered":"Personalized chocolate"},"content":{"rendered":"<div class=\"wpb-content-wrapper\">[vc_row visibility=&#8221;hidden-sm&#8221;][vc_column][\/vc_column][\/vc_row][mk_page_section bg_image=&#8221;https:\/\/labonbonniere.ch\/wp-content\/uploads\/2018\/03\/fond-chocolat-perso-1.jpg&#8221; bg_position=&#8221;right center&#8221; bg_repeat=&#8221;no-repeat&#8221; video_color_mask=&#8221;#000000&#8243; video_opacity=&#8221;0.3&#8243; min_height=&#8221;173&#8243; visibility=&#8221;hidden-sm&#8221; sidebar=&#8221;sidebar-1&#8243;][vc_column][vc_row_inner][vc_column_inner width=&#8221;1\/6&#8243; alignment=&#8221;center&#8221;][\/vc_column_inner][vc_column_inner width=&#8221;2\/3&#8243;][mk_padding_divider size=&#8221;50&#8243;][mk_fancy_title color=&#8221;#ffffff&#8221; size=&#8221;30&#8243; font_family=&#8221;Kalam&#8221; font_type=&#8221;google&#8221; align=&#8221;center&#8221; el_class=&#8221;sub-title-shadow-1&#8243;]Offer chocolate[\/mk_fancy_title][mk_fancy_title color=&#8221;#ffffff&#8221; size=&#8221;36&#8243; font_weight=&#8221;bold&#8221; txt_transform=&#8221;uppercase&#8221; margin_bottom=&#8221;0&#8243; font_family=&#8221;none&#8221; align=&#8221;center&#8221; el_class=&#8221;margin-top-min-15 sub-title-shadow-1&#8243;]To your image[\/mk_fancy_title][mk_divider style=&#8221;thin_solid&#8221; divider_width=&#8221;custom_width&#8221; custom_width=&#8221;100&#8243; thin_single_color=&#8221;#e37a40&#8243; thickness=&#8221;5&#8243;][\/vc_column_inner][vc_column_inner width=&#8221;1\/6&#8243;][\/vc_column_inner][\/vc_row_inner][vc_row_inner][vc_column_inner width=&#8221;1\/6&#8243;][\/vc_column_inner][vc_column_inner width=&#8221;2\/3&#8243;][mk_padding_divider size=&#8221;30&#8243;][vc_column_text align=&#8221;center&#8221; el_class=&#8221;text-shadow-1&#8243; css=&#8221;.vc_custom_1523984644618{margin-bottom: 0px !important;}&#8221;]<span style=\"font-weight: 400; color: #ffffff;\">Offering chocolate, means giving a delicious sweetness accompanied by a gourmand delicacy.<\/span><\/p>\n<p><span style=\"font-weight: 400; color: #ffffff;\"> Do you want to make a surprise gift so that you would be remembered? Giving a quality Swiss chocolate that resembles you, you touch the recipient\u2019s senses for sure.<\/span>[\/vc_column_text][\/vc_column_inner][vc_column_inner width=&#8221;1\/6&#8243;][\/vc_column_inner][\/vc_row_inner][mk_padding_divider][\/vc_column][\/mk_page_section][mk_page_section bg_image=&#8221;https:\/\/labonbonniere.ch\/wp-content\/uploads\/2018\/03\/fond-chocolat-fondu-1.jpg&#8221; bg_image_portrait=&#8221;https:\/\/labonbonniere.ch\/wp-content\/uploads\/2018\/03\/fond-chocolat-fondu-1.jpg&#8221; bg_position=&#8221;right center&#8221; bg_repeat=&#8221;no-repeat&#8221; bg_stretch=&#8221;true&#8221; video_color_mask=&#8221;#000000&#8243; video_opacity=&#8221;0.3&#8243; min_height=&#8221;173&#8243; visibility=&#8221;visible-sm&#8221; sidebar=&#8221;sidebar-1&#8243;][vc_column][vc_row_inner][vc_column_inner width=&#8221;1\/6&#8243; alignment=&#8221;center&#8221;][\/vc_column_inner][vc_column_inner width=&#8221;2\/3&#8243;][mk_padding_divider size=&#8221;50&#8243;][mk_fancy_title color=&#8221;#ffffff&#8221; size=&#8221;30&#8243; font_family=&#8221;Kalam&#8221; font_type=&#8221;google&#8221; align=&#8221;center&#8221; el_class=&#8221;sub-title-shadow-1&#8243;]Offer chocolate[\/mk_fancy_title][mk_fancy_title color=&#8221;#ffffff&#8221; size=&#8221;36&#8243; font_weight=&#8221;bold&#8221; txt_transform=&#8221;uppercase&#8221; margin_bottom=&#8221;0&#8243; font_family=&#8221;none&#8221; align=&#8221;center&#8221; el_class=&#8221;margin-top-min-15 sub-title-shadow-1&#8243;]To your image[\/mk_fancy_title][mk_divider style=&#8221;thin_solid&#8221; divider_width=&#8221;custom_width&#8221; custom_width=&#8221;100&#8243; thin_single_color=&#8221;#e37a40&#8243; thickness=&#8221;5&#8243;][\/vc_column_inner][vc_column_inner width=&#8221;1\/6&#8243;][\/vc_column_inner][\/vc_row_inner][vc_row_inner][vc_column_inner width=&#8221;1\/6&#8243;][\/vc_column_inner][vc_column_inner width=&#8221;2\/3&#8243;][mk_padding_divider size=&#8221;30&#8243;][vc_column_text align=&#8221;center&#8221; el_class=&#8221;text-shadow-1&#8243; css=&#8221;.vc_custom_1523984653915{margin-bottom: 0px !important;}&#8221;]<span style=\"font-weight: 400; color: #ffffff;\">Offering chocolate, means giving a delicious sweetness accompanied by a gourmand delicacy.<\/span><\/p>\n<p><span style=\"font-weight: 400; color: #ffffff;\"> Do you want to make a surprise gift so that you would be remembered? Giving a quality Swiss chocolate that resembles you, you touch the recipient\u2019s senses for sure.<\/span>[\/vc_column_text][\/vc_column_inner][vc_column_inner width=&#8221;1\/6&#8243;][\/vc_column_inner][\/vc_row_inner][mk_padding_divider][\/vc_column][\/mk_page_section][mk_page_section bg_image=&#8221;https:\/\/labonbonniere.ch\/wp-content\/uploads\/2018\/03\/pattern-bb-e1521558730265.png&#8221; video_color_mask=&#8221;#ffffff&#8221; video_opacity=&#8221;0.95&#8243; full_width=&#8221;true&#8221; sidebar=&#8221;sidebar-1&#8243;][vc_column][vc_row_inner attached=&#8221;true&#8221;][vc_column_inner width=&#8221;2\/12&#8243;][mk_image src=&#8221;https:\/\/labonbonniere.ch\/wp-content\/uploads\/2018\/03\/left-chocolat-perso-1.png&#8221; image_size=&#8221;full&#8221; visibility=&#8221;hidden-sm&#8221; el_class=&#8221;img-cote-chocolat-perso&#8221;][\/vc_column_inner][vc_column_inner width=&#8221;8\/12&#8243;][mk_padding_divider size=&#8221;30&#8243;][mk_fancy_title color=&#8221;#e37a40&#8243; size=&#8221;30&#8243; force_font_size=&#8221;true&#8221; size_phone=&#8221;27&#8243; margin_bottom=&#8221;5&#8243; font_family=&#8221;Kalam&#8221; font_type=&#8221;google&#8221; align=&#8221;center&#8221;]Our personalized chocolate[\/mk_fancy_title][mk_padding_divider size=&#8221;10&#8243;][mk_fancy_title color=&#8221;#453636&#8243; size=&#8221;30&#8243; force_font_size=&#8221;true&#8221; size_phone=&#8221;20&#8243; font_weight=&#8221;bold&#8221; txt_transform=&#8221;uppercase&#8221; margin_bottom=&#8221;0&#8243; font_family=&#8221;none&#8221; align=&#8221;center&#8221; el_class=&#8221;margin-top-min-15&#8243;]for an event[\/mk_fancy_title][mk_divider style=&#8221;thin_solid&#8221; divider_width=&#8221;custom_width&#8221; custom_width=&#8221;100&#8243; thin_single_color=&#8221;#e37a40&#8243; thickness=&#8221;5&#8243; margin_top=&#8221;10&#8243;][vc_column_text align=&#8221;center&#8221; css=&#8221;.vc_custom_1531233550023{margin-bottom: 0px !important;}&#8221;]<span style=\"font-weight: 400;\">Whether it&#8217;s to say thank you, for a birthday, a wedding proposal or simply to celebrate, receiving quality Swiss chocolate is always a pleasure. The combination of our knowledge, La Bonbonni\u00e8re\u2019s delicious chocolate flavours and your message represents an unforgettable gift.<\/span><\/p>\n<p>Thanks to our special technique, we can print anything you want on \u201csugar paper\u201d. We offer standard chocolate iPad models. You give us with your photo, and we print it as your wallpaper.<br \/>\nWould you like maybe even more personalised gift? &#8220;The only limit to creation is your imagination&#8221;, so don\u2019t hesitate to discuss with us your desires for making personalised chocolates.[\/vc_column_text][mk_padding_divider size=&#8221;60&#8243;][\/vc_column_inner][vc_column_inner width=&#8221;2\/12&#8243;][mk_image src=&#8221;https:\/\/labonbonniere.ch\/wp-content\/uploads\/2018\/03\/right-chocolat-perso-2.png&#8221; image_size=&#8221;full&#8221; align=&#8221;right&#8221; visibility=&#8221;hidden-sm&#8221; el_class=&#8221;img-cote-chocolat-perso&#8221;][\/vc_column_inner][\/vc_row_inner][\/vc_column][\/mk_page_section][vc_row fullwidth=&#8221;true&#8221;][vc_column]<a href=\"https:\/\/labonbonniere.ch\/en\/contact-and-maps\/\" target=\"\" title=\"\"  data-id=\"mpc_button-576a051c100002f\" class=\"mpc-button mpc-init mpc-transition mpc-display--block cta-chocolat-perso\" ><div class=\"mpc-button__content mpc-effect-type--none mpc-effect-side--none\"><span class=\"mpc-button__title mpc-transition\">To offer a unique gift to your guests or close ones, contact us!<\/span><\/div><div class=\"mpc-button__background mpc-transition mpc-effect-type--fade mpc-effect-side--in\"><\/div><\/a>[\/vc_column][\/vc_row][mk_page_section bg_image=&#8221;https:\/\/labonbonniere.ch\/wp-content\/uploads\/2018\/03\/pattern-bb-e1521558730265.png&#8221; video_color_mask=&#8221;#ffffff&#8221; video_opacity=&#8221;1&#8243; visibility=&#8221;hidden-sm&#8221; sidebar=&#8221;sidebar-1&#8243;][vc_column][vc_row_inner][vc_column_inner width=&#8221;1\/3&#8243;][mk_padding_divider size=&#8221;60&#8243;][mk_image src=&#8221;https:\/\/labonbonniere.ch\/wp-content\/uploads\/2018\/10\/personnalisation-initales.png&#8221; image_size=&#8221;full&#8221; align=&#8221;center&#8221; el_class=&#8221;chocolat-perso-img&#8221;][\/vc_column_inner][vc_column_inner width=&#8221;2\/3&#8243;][mk_padding_divider size=&#8221;30&#8243;][mk_fancy_title color=&#8221;#e37a40&#8243; size=&#8221;30&#8243; font_family=&#8221;Kalam&#8221; font_type=&#8221;google&#8221;]Chocolates[\/mk_fancy_title][mk_fancy_title color=&#8221;#453636&#8243; size=&#8221;30&#8243; font_weight=&#8221;bold&#8221; txt_transform=&#8221;uppercase&#8221; margin_bottom=&#8221;0&#8243; font_family=&#8221;none&#8221; el_class=&#8221;margin-top-min-15&#8243;]that look like you[\/mk_fancy_title][mk_divider style=&#8221;thin_solid&#8221; divider_width=&#8221;custom_width&#8221; custom_width=&#8221;100&#8243; align=&#8221;left&#8221; thin_single_color=&#8221;#e37a40&#8243; thickness=&#8221;5&#8243; margin_top=&#8221;10&#8243;][vc_column_text css=&#8221;.vc_custom_1531233708591{margin-bottom: 0px !important;}&#8221;]\n<div class=\"\">Are you preparing a wedding party, a baptism or an event that brings your loved ones together?<\/div>\n<div><\/div>\n<div class=\"\">Make a lasting impression with handmade chocolates that reflect your image. With creations made by order, boxes of pralines or boxes of Geneva desserts with bride and groom\u2019s initials, La Bonbonni\u00e8re\u2019s chocolate masters realize your chocolate idea in a traditional Swiss chocolate factory way.<\/div>\n<div><\/div>\n<div class=\"\">We can also provide you with ribbons or color boxes, attach a card or write a message according to your choice. We carefully think of every detail so that your gift stands out.<\/div>\n[\/vc_column_text][mk_padding_divider size=&#8221;30&#8243;][\/vc_column_inner][\/vc_row_inner][\/vc_column][\/mk_page_section][mk_page_section bg_image=&#8221;https:\/\/labonbonniere.ch\/wp-content\/uploads\/2018\/03\/pattern-bb-e1521558730265.png&#8221; video_color_mask=&#8221;#ffffff&#8221; video_opacity=&#8221;1&#8243; visibility=&#8221;visible-sm&#8221; sidebar=&#8221;sidebar-1&#8243;][vc_column][vc_row_inner][vc_column_inner][mk_padding_divider size=&#8221;60&#8243;][mk_image src=&#8221;https:\/\/labonbonniere.ch\/wp-content\/uploads\/2018\/10\/personnalisation-logo.png&#8221; image_size=&#8221;full&#8221; align=&#8221;center&#8221; el_class=&#8221;chocolat-perso-img&#8221;][mk_padding_divider size=&#8221;30&#8243;][mk_fancy_title color=&#8221;#e37a40&#8243; size=&#8221;30&#8243; font_family=&#8221;Kalam&#8221; font_type=&#8221;google&#8221;]Chocolates[\/mk_fancy_title][mk_fancy_title color=&#8221;#453636&#8243; size=&#8221;24&#8243; font_weight=&#8221;bold&#8221; txt_transform=&#8221;uppercase&#8221; margin_bottom=&#8221;0&#8243; font_family=&#8221;none&#8221; el_class=&#8221;margin-top-min-15&#8243;]that look like you[\/mk_fancy_title][mk_divider style=&#8221;thin_solid&#8221; divider_width=&#8221;custom_width&#8221; custom_width=&#8221;100&#8243; thin_single_color=&#8221;#e37a40&#8243; thickness=&#8221;5&#8243; margin_top=&#8221;10&#8243;][vc_column_text align=&#8221;center&#8221; css=&#8221;.vc_custom_1554281212981{margin-bottom: 0px !important;}&#8221;]\n<div class=\"\">Are you preparing a wedding party, a baptism or an event that brings your loved ones together?<\/div>\n<div><\/div>\n<div class=\"\">Make a lasting impression with handmade chocolates that reflect your image. With creations made by order, boxes of pralines or boxes of Geneva desserts with bride and groom\u2019s initials, La Bonbonni\u00e8re\u2019s chocolate masters realize your chocolate idea in a traditional Swiss chocolate factory way.<\/div>\n<div><\/div>\n<div class=\"\">We can also provide you with ribbons or color boxes, attach a card or write a message according to your choice. We carefully think of every detail so that your gift stands out.<\/div>\n[\/vc_column_text][mk_padding_divider size=&#8221;30&#8243;][\/vc_column_inner][\/vc_row_inner][mk_divider style=&#8221;thick_solid&#8221; border_color=&#8221;#f29760&#8243;][\/vc_column][\/mk_page_section][mk_page_section bg_color=&#8221;#fff9f5&#8243; video_color_mask=&#8221;#ffffff&#8221; video_opacity=&#8221;1&#8243; visibility=&#8221;visible-sm&#8221; sidebar=&#8221;sidebar-1&#8243;][vc_column][vc_row_inner][vc_column_inner width=&#8221;1\/4&#8243;][\/vc_column_inner][vc_column_inner width=&#8221;1\/2&#8243;][mk_padding_divider size=&#8221;60&#8243;][mk_fancy_title color=&#8221;#e37a40&#8243; size=&#8221;30&#8243; font_family=&#8221;Kalam&#8221; font_type=&#8221;google&#8221;]Our latest[\/mk_fancy_title][mk_fancy_title color=&#8221;#453636&#8243; size=&#8221;24&#8243; font_weight=&#8221;bold&#8221; txt_transform=&#8221;uppercase&#8221; margin_bottom=&#8221;0&#8243; font_family=&#8221;none&#8221; el_class=&#8221;margin-top-min-15&#8243;]Personalized chocolate creations[\/mk_fancy_title][mk_padding_divider size=&#8221;30&#8243;][vc_images_carousel images=&#8221;1697,1698,1699,1700,1701&#8243; img_size=&#8221;medium&#8221; onclick=&#8221;link_no&#8221; autoplay=&#8221;yes&#8221;][mk_padding_divider size=&#8221;30&#8243;][vc_column_text align=&#8221;center&#8221; css=&#8221;.vc_custom_1633960400109{margin-bottom: 0px !important;}&#8221;]\n<h4>Treat your guests to a personalized chocolate creation!<\/h4>\n[\/vc_column_text][vc_btn title=&#8221;Contact us&#8221; color=&#8221;warning&#8221; align=&#8221;center&#8221; link=&#8221;url:https%3A%2F%2Flabonbonniere.ch%2Fen%2Fcontact-and-maps%2F|&#8221;][\/vc_column_inner][vc_column_inner width=&#8221;1\/4&#8243;][\/vc_column_inner][\/vc_row_inner][\/vc_column][\/mk_page_section]\n<\/div>","protected":false},"excerpt":{"rendered":"<p>[vc_row visibility=&#8221;hidden-sm&#8221;][vc_column][\/vc_column][\/vc_row][mk_page_section bg_image=&#8221;https:\/\/labonbonniere.ch\/wp-content\/uploads\/2018\/03\/fond-chocolat-perso-1.jpg&#8221; bg_position=&#8221;right center&#8221; bg_repeat=&#8221;no-repeat&#8221; video_color_mask=&#8221;#000000&#8243; video_opacity=&#8221;0.3&#8243; min_height=&#8221;173&#8243; visibility=&#8221;hidden-sm&#8221; sidebar=&#8221;sidebar-1&#8243;][vc_column][vc_row_inner][vc_column_inner width=&#8221;1\/6&#8243; alignment=&#8221;center&#8221;][\/vc_column_inner][vc_column_inner width=&#8221;2\/3&#8243;][mk_padding_divider size=&#8221;50&#8243;][mk_fancy_title color=&#8221;#ffffff&#8221; size=&#8221;30&#8243; font_family=&#8221;Kalam&#8221; font_type=&#8221;google&#8221; align=&#8221;center&#8221; el_class=&#8221;sub-title-shadow-1&#8243;]Offer chocolate[\/mk_fancy_title][mk_fancy_title color=&#8221;#ffffff&#8221; size=&#8221;36&#8243; font_weight=&#8221;bold&#8221; txt_transform=&#8221;uppercase&#8221; margin_bottom=&#8221;0&#8243; font_family=&#8221;none&#8221; align=&#8221;center&#8221; el_class=&#8221;margin-top-min-15 sub-title-shadow-1&#8243;]To your image[\/mk_fancy_title][mk_divider style=&#8221;thin_solid&#8221; divider_width=&#8221;custom_width&#8221; custom_width=&#8221;100&#8243; thin_single_color=&#8221;#e37a40&#8243; thickness=&#8221;5&#8243;][\/vc_column_inner][vc_column_inner width=&#8221;1\/6&#8243;][\/vc_column_inner][\/vc_row_inner][vc_row_inner][vc_column_inner width=&#8221;1\/6&#8243;][\/vc_column_inner][vc_column_inner width=&#8221;2\/3&#8243;][mk_padding_divider size=&#8221;30&#8243;][vc_column_text align=&#8221;center&#8221; el_class=&#8221;text-shadow-1&#8243; css=&#8221;.vc_custom_1523984644618{margin-bottom: 0px !important;}&#8221;]Offering chocolate, means giving a delicious sweetness accompanied by<\/p>\n","protected":false},"author":1,"featured_media":0,"parent":0,"menu_order":0,"comment_status":"closed","ping_status":"closed","template":"","meta":{"footnotes":""},"class_list":["post-2989","page","type-page","status-publish","hentry"],"yoast_head":"<!-- This site is optimized with the Yoast SEO plugin v26.4 - https:\/\/yoast.com\/wordpress\/plugins\/seo\/ -->\n<title>Custom Chocolates Geneva<\/title>\n<meta name=\"description\" content=\"Treat your guests or surprise a loved one with a personalized, unique and delicious chocolate creation handcrafted in Geneva.\" \/>\n<meta name=\"robots\" content=\"index, follow, max-snippet:-1, max-image-preview:large, max-video-preview:-1\" \/>\n<link rel=\"canonical\" href=\"https:\/\/labonbonniere.ch\/en\/personalized-chocolate\/\" \/>\n<meta property=\"og:locale\" content=\"en_US\" \/>\n<meta property=\"og:type\" content=\"article\" \/>\n<meta property=\"og:title\" content=\"Custom Chocolates Geneva\" \/>\n<meta property=\"og:description\" content=\"Treat your guests or surprise a loved one with a personalized, unique and delicious chocolate creation handcrafted in Geneva.\" \/>\n<meta property=\"og:url\" content=\"https:\/\/labonbonniere.ch\/en\/personalized-chocolate\/\" \/>\n<meta property=\"og:site_name\" content=\"La Bonbonni\u00e8re Chocolaterie Gen\u00e8ve\" \/>\n<meta property=\"article:publisher\" content=\"https:\/\/www.facebook.com\/labonbonniere.ch\/?ref=br_rs\" \/>\n<meta property=\"article:modified_time\" content=\"2024-03-12T14:39:54+00:00\" \/>\n<meta name=\"twitter:card\" content=\"summary_large_image\" \/>\n<meta name=\"twitter:site\" content=\"@LaBonbonniereCh\" \/>\n<meta name=\"twitter:label1\" content=\"Est. reading time\" \/>\n\t<meta name=\"twitter:data1\" content=\"8 minutes\" \/>\n<script type=\"application\/ld+json\" class=\"yoast-schema-graph\">{\"@context\":\"https:\/\/schema.org\",\"@graph\":[{\"@type\":\"WebPage\",\"@id\":\"https:\/\/labonbonniere.ch\/en\/personalized-chocolate\/\",\"url\":\"https:\/\/labonbonniere.ch\/en\/personalized-chocolate\/\",\"name\":\"Custom Chocolates Geneva\",\"isPartOf\":{\"@id\":\"https:\/\/labonbonniere.ch\/#website\"},\"datePublished\":\"2024-02-19T11:18:35+00:00\",\"dateModified\":\"2024-03-12T14:39:54+00:00\",\"description\":\"Treat your guests or surprise a loved one with a personalized, unique and delicious chocolate creation handcrafted in Geneva.\",\"breadcrumb\":{\"@id\":\"https:\/\/labonbonniere.ch\/en\/personalized-chocolate\/#breadcrumb\"},\"inLanguage\":\"en-US\",\"potentialAction\":[{\"@type\":\"ReadAction\",\"target\":[\"https:\/\/labonbonniere.ch\/en\/personalized-chocolate\/\"]}]},{\"@type\":\"BreadcrumbList\",\"@id\":\"https:\/\/labonbonniere.ch\/en\/personalized-chocolate\/#breadcrumb\",\"itemListElement\":[{\"@type\":\"ListItem\",\"position\":1,\"name\":\"Accueil\",\"item\":\"https:\/\/labonbonniere.ch\/en\/\"},{\"@type\":\"ListItem\",\"position\":2,\"name\":\"Personalized chocolate\"}]},{\"@type\":\"WebSite\",\"@id\":\"https:\/\/labonbonniere.ch\/#website\",\"url\":\"https:\/\/labonbonniere.ch\/\",\"name\":\"La Bonbonni\u00e8re Chocolaterie Gen\u00e8ve\",\"description\":\"Chocolaterie Artisanale \u00e0 Gen\u00e8ve et Ecole du Chocolat\",\"publisher\":{\"@id\":\"https:\/\/labonbonniere.ch\/#organization\"},\"potentialAction\":[{\"@type\":\"SearchAction\",\"target\":{\"@type\":\"EntryPoint\",\"urlTemplate\":\"https:\/\/labonbonniere.ch\/?s={search_term_string}\"},\"query-input\":{\"@type\":\"PropertyValueSpecification\",\"valueRequired\":true,\"valueName\":\"search_term_string\"}}],\"inLanguage\":\"en-US\"},{\"@type\":\"Organization\",\"@id\":\"https:\/\/labonbonniere.ch\/#organization\",\"name\":\"La Bonbonni\u00e8re Chocolaterie Gen\u00e8ve\",\"url\":\"https:\/\/labonbonniere.ch\/\",\"logo\":{\"@type\":\"ImageObject\",\"inLanguage\":\"en-US\",\"@id\":\"https:\/\/labonbonniere.ch\/#\/schema\/logo\/image\/\",\"url\":\"https:\/\/labonbonniere.ch\/wp-content\/uploads\/2018\/03\/logo-bonbonniere-web-orange-1.png\",\"contentUrl\":\"https:\/\/labonbonniere.ch\/wp-content\/uploads\/2018\/03\/logo-bonbonniere-web-orange-1.png\",\"width\":1033,\"height\":454,\"caption\":\"La Bonbonni\u00e8re Chocolaterie Gen\u00e8ve\"},\"image\":{\"@id\":\"https:\/\/labonbonniere.ch\/#\/schema\/logo\/image\/\"},\"sameAs\":[\"https:\/\/www.facebook.com\/labonbonniere.ch\/?ref=br_rs\",\"https:\/\/x.com\/LaBonbonniereCh\",\"https:\/\/www.instagram.com\/labonbonniere.ch\/\",\"https:\/\/www.linkedin.com\/company\/la-bonbonniere\"]}]}<\/script>\n<!-- \/ Yoast SEO plugin. -->","yoast_head_json":{"title":"Custom Chocolates Geneva","description":"Treat your guests or surprise a loved one with a personalized, unique and delicious chocolate creation handcrafted in Geneva.","robots":{"index":"index","follow":"follow","max-snippet":"max-snippet:-1","max-image-preview":"max-image-preview:large","max-video-preview":"max-video-preview:-1"},"canonical":"https:\/\/labonbonniere.ch\/en\/personalized-chocolate\/","og_locale":"en_US","og_type":"article","og_title":"Custom Chocolates Geneva","og_description":"Treat your guests or surprise a loved one with a personalized, unique and delicious chocolate creation handcrafted in Geneva.","og_url":"https:\/\/labonbonniere.ch\/en\/personalized-chocolate\/","og_site_name":"La Bonbonni\u00e8re Chocolaterie Gen\u00e8ve","article_publisher":"https:\/\/www.facebook.com\/labonbonniere.ch\/?ref=br_rs","article_modified_time":"2024-03-12T14:39:54+00:00","twitter_card":"summary_large_image","twitter_site":"@LaBonbonniereCh","twitter_misc":{"Est. reading time":"8 minutes"},"schema":{"@context":"https:\/\/schema.org","@graph":[{"@type":"WebPage","@id":"https:\/\/labonbonniere.ch\/en\/personalized-chocolate\/","url":"https:\/\/labonbonniere.ch\/en\/personalized-chocolate\/","name":"Custom Chocolates Geneva","isPartOf":{"@id":"https:\/\/labonbonniere.ch\/#website"},"datePublished":"2024-02-19T11:18:35+00:00","dateModified":"2024-03-12T14:39:54+00:00","description":"Treat your guests or surprise a loved one with a personalized, unique and delicious chocolate creation handcrafted in Geneva.","breadcrumb":{"@id":"https:\/\/labonbonniere.ch\/en\/personalized-chocolate\/#breadcrumb"},"inLanguage":"en-US","potentialAction":[{"@type":"ReadAction","target":["https:\/\/labonbonniere.ch\/en\/personalized-chocolate\/"]}]},{"@type":"BreadcrumbList","@id":"https:\/\/labonbonniere.ch\/en\/personalized-chocolate\/#breadcrumb","itemListElement":[{"@type":"ListItem","position":1,"name":"Accueil","item":"https:\/\/labonbonniere.ch\/en\/"},{"@type":"ListItem","position":2,"name":"Personalized chocolate"}]},{"@type":"WebSite","@id":"https:\/\/labonbonniere.ch\/#website","url":"https:\/\/labonbonniere.ch\/","name":"La Bonbonni\u00e8re Chocolaterie Gen\u00e8ve","description":"Chocolaterie Artisanale \u00e0 Gen\u00e8ve et Ecole du Chocolat","publisher":{"@id":"https:\/\/labonbonniere.ch\/#organization"},"potentialAction":[{"@type":"SearchAction","target":{"@type":"EntryPoint","urlTemplate":"https:\/\/labonbonniere.ch\/?s={search_term_string}"},"query-input":{"@type":"PropertyValueSpecification","valueRequired":true,"valueName":"search_term_string"}}],"inLanguage":"en-US"},{"@type":"Organization","@id":"https:\/\/labonbonniere.ch\/#organization","name":"La Bonbonni\u00e8re Chocolaterie Gen\u00e8ve","url":"https:\/\/labonbonniere.ch\/","logo":{"@type":"ImageObject","inLanguage":"en-US","@id":"https:\/\/labonbonniere.ch\/#\/schema\/logo\/image\/","url":"https:\/\/labonbonniere.ch\/wp-content\/uploads\/2018\/03\/logo-bonbonniere-web-orange-1.png","contentUrl":"https:\/\/labonbonniere.ch\/wp-content\/uploads\/2018\/03\/logo-bonbonniere-web-orange-1.png","width":1033,"height":454,"caption":"La Bonbonni\u00e8re Chocolaterie Gen\u00e8ve"},"image":{"@id":"https:\/\/labonbonniere.ch\/#\/schema\/logo\/image\/"},"sameAs":["https:\/\/www.facebook.com\/labonbonniere.ch\/?ref=br_rs","https:\/\/x.com\/LaBonbonniereCh","https:\/\/www.instagram.com\/labonbonniere.ch\/","https:\/\/www.linkedin.com\/company\/la-bonbonniere"]}]}},"_links":{"self":[{"href":"https:\/\/labonbonniere.ch\/en\/wp-json\/wp\/v2\/pages\/2989","targetHints":{"allow":["GET"]}}],"collection":[{"href":"https:\/\/labonbonniere.ch\/en\/wp-json\/wp\/v2\/pages"}],"about":[{"href":"https:\/\/labonbonniere.ch\/en\/wp-json\/wp\/v2\/types\/page"}],"author":[{"embeddable":true,"href":"https:\/\/labonbonniere.ch\/en\/wp-json\/wp\/v2\/users\/1"}],"replies":[{"embeddable":true,"href":"https:\/\/labonbonniere.ch\/en\/wp-json\/wp\/v2\/comments?post=2989"}],"version-history":[{"count":13,"href":"https:\/\/labonbonniere.ch\/en\/wp-json\/wp\/v2\/pages\/2989\/revisions"}],"predecessor-version":[{"id":3181,"href":"https:\/\/labonbonniere.ch\/en\/wp-json\/wp\/v2\/pages\/2989\/revisions\/3181"}],"wp:attachment":[{"href":"https:\/\/labonbonniere.ch\/en\/wp-json\/wp\/v2\/media?parent=2989"}],"curies":[{"name":"wp","href":"https:\/\/api.w.org\/{rel}","templated":true}]}}